{"id":784,"date":"2025-03-06T10:57:16","date_gmt":"2025-03-06T15:57:16","guid":{"rendered":"https:\/\/laniel.2point0media.com\/contactez-nous\/"},"modified":"2026-04-13T08:04:31","modified_gmt":"2026-04-13T12:04:31","slug":"contactez-nous","status":"publish","type":"page","link":"https:\/\/lanielprodamex.com\/fr\/contactez-nous\/","title":{"rendered":"Contactez-nous"},"content":{"rendered":"\t\t<div data-elementor-type=\"wp-page\" data-elementor-id=\"784\" class=\"elementor elementor-784 elementor-425\" data-elementor-post-type=\"page\">\n\t\t\t\t<div class=\"elementor-element elementor-element-a8f355b e-con-full e-flex e-con e-parent\" data-id=\"a8f355b\" data-element_type=\"container\" data-settings=\"{&quot;background_background&quot;:&quot;classic&quot;}\">\n\t\t<div class=\"elementor-element elementor-element-ac25ac3 e-con-full elementor-hidden-mobile e-flex e-con e-child\" data-id=\"ac25ac3\" data-element_type=\"container\">\n\t\t\t\t<div class=\"elementor-element elementor-element-a070163 elementor-widget elementor-widget-image\" data-id=\"a070163\" data-element_type=\"widget\" data-widget_type=\"image.default\">\n\t\t\t\t<div class=\"elementor-widget-container\">\n\t\t\t\t\t\t\t\t\t\t\t\t\t\t\t<img fetchpriority=\"high\" decoding=\"async\" width=\"757\" height=\"376\" src=\"https:\/\/lanielprodamex.com\/wp-content\/uploads\/2025\/05\/vehicule.png\" class=\"attachment-full size-full wp-image-725\" alt=\"\" srcset=\"https:\/\/lanielprodamex.com\/wp-content\/uploads\/2025\/05\/vehicule.png 757w, https:\/\/lanielprodamex.com\/wp-content\/uploads\/2025\/05\/vehicule-300x149.png 300w\" sizes=\"(max-width: 757px) 100vw, 757px\" \/>\t\t\t\t\t\t\t\t\t\t\t\t\t\t\t<\/div>\n\t\t\t\t<\/div>\n\t\t\t\t<\/div>\n\t\t<div class=\"elementor-element elementor-element-859d1f5 e-con-full e-flex e-con e-child\" data-id=\"859d1f5\" data-element_type=\"container\">\n\t\t\t\t<div class=\"elementor-element elementor-element-a09b6a4 elementor-widget elementor-widget-heading\" data-id=\"a09b6a4\" data-element_type=\"widget\" data-widget_type=\"heading.default\">\n\t\t\t\t<div class=\"elementor-widget-container\">\n\t\t\t\t\t<h2 class=\"elementor-heading-title elementor-size-default\">ACCUEIL- CONTACTEZ-NOUS<\/h2>\t\t\t\t<\/div>\n\t\t\t\t<\/div>\n\t\t\t\t<div class=\"elementor-element elementor-element-7e4f9f6 elementor-widget elementor-widget-heading\" data-id=\"7e4f9f6\" data-element_type=\"widget\" data-widget_type=\"heading.default\">\n\t\t\t\t<div class=\"elementor-widget-container\">\n\t\t\t\t\t<h2 class=\"elementor-heading-title elementor-size-default\">Contactez-nous<\/h2>\t\t\t\t<\/div>\n\t\t\t\t<\/div>\n\t\t\t\t<div class=\"elementor-element elementor-element-d67eebe elementor-widget elementor-widget-heading\" data-id=\"d67eebe\" data-element_type=\"widget\" data-widget_type=\"heading.default\">\n\t\t\t\t<div class=\"elementor-widget-container\">\n\t\t\t\t\t<p class=\"elementor-heading-title elementor-size-default\">Visitez notre salle de montre pour d\u00e9couvrir l'ensemble de notre gamme de produits<\/p>\t\t\t\t<\/div>\n\t\t\t\t<\/div>\n\t\t<div class=\"elementor-element elementor-element-d2e0e23 e-con-full e-flex e-con e-child\" data-id=\"d2e0e23\" data-element_type=\"container\">\n\t\t\t\t<div class=\"elementor-element elementor-element-627808a elementor-align-right elementor-widget elementor-widget-button\" data-id=\"627808a\" data-element_type=\"widget\" data-widget_type=\"button.default\">\n\t\t\t\t<div class=\"elementor-widget-container\">\n\t\t\t\t\t\t\t\t\t<div class=\"elementor-button-wrapper\">\n\t\t\t\t\t<a class=\"elementor-button elementor-button-link elementor-size-sm\" href=\"mailto:info@lanielprodamex.com\" target=\"_blank\">\n\t\t\t\t\t\t<span class=\"elementor-button-content-wrapper\">\n\t\t\t\t\t\t<span class=\"elementor-button-icon\">\n\t\t\t\t<svg aria-hidden=\"true\" class=\"e-font-icon-svg e-fas-arrow-alt-circle-down\" viewBox=\"0 0 512 512\" xmlns=\"http:\/\/www.w3.org\/2000\/svg\"><path d=\"M504 256c0 137-111 248-248 248S8 393 8 256 119 8 256 8s248 111 248 248zM212 140v116h-70.9c-10.7 0-16.1 13-8.5 20.5l114.9 114.3c4.7 4.7 12.2 4.7 16.9 0l114.9-114.3c7.6-7.6 2.2-20.5-8.5-20.5H300V140c0-6.6-5.4-12-12-12h-64c-6.6 0-12 5.4-12 12z\"><\/path><\/svg>\t\t\t<\/span>\n\t\t\t\t\t\t\t\t\t<span class=\"elementor-button-text\">Courriel<\/span>\n\t\t\t\t\t<\/span>\n\t\t\t\t\t<\/a>\n\t\t\t\t<\/div>\n\t\t\t\t\t\t\t\t<\/div>\n\t\t\t\t<\/div>\n\t\t\t\t<div class=\"elementor-element elementor-element-94582d2 elementor-align-right elementor-widget elementor-widget-button\" data-id=\"94582d2\" data-element_type=\"widget\" data-widget_type=\"button.default\">\n\t\t\t\t<div class=\"elementor-widget-container\">\n\t\t\t\t\t\t\t\t\t<div class=\"elementor-button-wrapper\">\n\t\t\t\t\t<a class=\"elementor-button elementor-button-link elementor-size-sm\" href=\"tel:514-626-3023\" target=\"_blank\">\n\t\t\t\t\t\t<span class=\"elementor-button-content-wrapper\">\n\t\t\t\t\t\t<span class=\"elementor-button-icon\">\n\t\t\t\t<svg aria-hidden=\"true\" class=\"e-font-icon-svg e-fas-arrow-alt-circle-right\" viewBox=\"0 0 512 512\" xmlns=\"http:\/\/www.w3.org\/2000\/svg\"><path d=\"M256 8c137 0 248 111 248 248S393 504 256 504 8 393 8 256 119 8 256 8zM140 300h116v70.9c0 10.7 13 16.1 20.5 8.5l114.3-114.9c4.7-4.7 4.7-12.2 0-16.9l-114.3-115c-7.6-7.6-20.5-2.2-20.5 8.5V212H140c-6.6 0-12 5.4-12 12v64c0 6.6 5.4 12 12 12z\"><\/path><\/svg>\t\t\t<\/span>\n\t\t\t\t\t\t\t\t\t<span class=\"elementor-button-text\">+514-626-3023<\/span>\n\t\t\t\t\t<\/span>\n\t\t\t\t\t<\/a>\n\t\t\t\t<\/div>\n\t\t\t\t\t\t\t\t<\/div>\n\t\t\t\t<\/div>\n\t\t\t\t<\/div>\n\t\t\t\t<\/div>\n\t\t\t\t<\/div>\n\t\t<div class=\"elementor-element elementor-element-a3ea5a9 e-con-full e-flex e-con e-parent\" data-id=\"a3ea5a9\" data-element_type=\"container\" data-settings=\"{&quot;background_background&quot;:&quot;classic&quot;}\">\n\t\t<div class=\"elementor-element elementor-element-74c1f59 e-con-full e-flex e-con e-child\" data-id=\"74c1f59\" data-element_type=\"container\">\n\t\t<div class=\"elementor-element elementor-element-981eba9 e-con-full e-flex e-con e-child\" data-id=\"981eba9\" data-element_type=\"container\" data-settings=\"{&quot;background_background&quot;:&quot;classic&quot;,&quot;position&quot;:&quot;absolute&quot;}\">\n\t\t<div class=\"elementor-element elementor-element-9f47f8e e-con-full e-flex e-con e-child\" data-id=\"9f47f8e\" data-element_type=\"container\">\n\t\t\t\t<div class=\"elementor-element elementor-element-e94a3dd elementor-widget elementor-widget-heading\" data-id=\"e94a3dd\" data-element_type=\"widget\" data-widget_type=\"heading.default\">\n\t\t\t\t<div class=\"elementor-widget-container\">\n\t\t\t\t\t<h2 class=\"elementor-heading-title elementor-size-default\">La meilleure facon d'aider <span class=\"imagetext\"><img decoding=\"async\" width=\"98px\" src=\"\/wp-content\/uploads\/2020\/04\/Laniel-white.png\"><\/span> ? <br>Nous laisser un avis !<\/h2>\t\t\t\t<\/div>\n\t\t\t\t<\/div>\n\t\t\t\t<\/div>\n\t\t\t\t<div class=\"elementor-element elementor-element-9bd945d elementor-align-right elementor-widget elementor-widget-button\" data-id=\"9bd945d\" data-element_type=\"widget\" data-widget_type=\"button.default\">\n\t\t\t\t<div class=\"elementor-widget-container\">\n\t\t\t\t\t\t\t\t\t<div class=\"elementor-button-wrapper\">\n\t\t\t\t\t<a class=\"elementor-button elementor-button-link elementor-size-sm\" href=\"https:\/\/www.google.com\/search?q=laniel+paysage&#038;rlz=1C1YQLS_enCA834CA834&#038;oq=lan&#038;aqs=chrome.0.69i59j69i57j0j46l2j0j69i61l2.1451j0j7&#038;sourceid=chrome&#038;ie=UTF-8#lrd=0x4cc93ba0b8796299:0x2897c7c128e951b,3,,,\" target=\"_blank\">\n\t\t\t\t\t\t<span class=\"elementor-button-content-wrapper\">\n\t\t\t\t\t\t<span class=\"elementor-button-icon\">\n\t\t\t\t<svg aria-hidden=\"true\" class=\"e-font-icon-svg e-fas-arrow-alt-circle-right\" viewBox=\"0 0 512 512\" xmlns=\"http:\/\/www.w3.org\/2000\/svg\"><path d=\"M256 8c137 0 248 111 248 248S393 504 256 504 8 393 8 256 119 8 256 8zM140 300h116v70.9c0 10.7 13 16.1 20.5 8.5l114.3-114.9c4.7-4.7 4.7-12.2 0-16.9l-114.3-115c-7.6-7.6-20.5-2.2-20.5 8.5V212H140c-6.6 0-12 5.4-12 12v64c0 6.6 5.4 12 12 12z\"><\/path><\/svg>\t\t\t<\/span>\n\t\t\t\t\t\t\t\t\t<span class=\"elementor-button-text\">J'aide Laniel<\/span>\n\t\t\t\t\t<\/span>\n\t\t\t\t\t<\/a>\n\t\t\t\t<\/div>\n\t\t\t\t\t\t\t\t<\/div>\n\t\t\t\t<\/div>\n\t\t\t\t<\/div>\n\t\t\t\t<\/div>\n\t\t\t\t<\/div>\n\t\t<div class=\"elementor-element elementor-element-cf8d146 e-flex e-con-boxed e-con e-parent\" data-id=\"cf8d146\" data-element_type=\"container\">\n\t\t\t\t\t<div class=\"e-con-inner\">\n\t\t\t\t<div class=\"elementor-element elementor-element-b83bcc8 elementor-widget elementor-widget-heading\" data-id=\"b83bcc8\" data-element_type=\"widget\" data-widget_type=\"heading.default\">\n\t\t\t\t<div class=\"elementor-widget-container\">\n\t\t\t\t\t<h2 class=\"elementor-heading-title elementor-size-default\">HEURES D'OUVERTURE<\/h2>\t\t\t\t<\/div>\n\t\t\t\t<\/div>\n\t\t<div class=\"elementor-element elementor-element-2a11919 e-con-full e-grid e-con e-child\" data-id=\"2a11919\" data-element_type=\"container\" data-settings=\"{&quot;background_background&quot;:&quot;classic&quot;}\">\n\t\t\t\t<div class=\"elementor-element elementor-element-1aca526 elementor-widget elementor-widget-heading\" data-id=\"1aca526\" data-element_type=\"widget\" data-widget_type=\"heading.default\">\n\t\t\t\t<div class=\"elementor-widget-container\">\n\t\t\t\t\t<h2 class=\"elementor-heading-title elementor-size-default\">Lundi<\/h2>\t\t\t\t<\/div>\n\t\t\t\t<\/div>\n\t\t\t\t<div class=\"elementor-element elementor-element-ef1b414 elementor-widget elementor-widget-heading\" data-id=\"ef1b414\" data-element_type=\"widget\" data-widget_type=\"heading.default\">\n\t\t\t\t<div class=\"elementor-widget-container\">\n\t\t\t\t\t<h2 class=\"elementor-heading-title elementor-size-default\">6h30 - 17h<\/h2>\t\t\t\t<\/div>\n\t\t\t\t<\/div>\n\t\t\t\t<\/div>\n\t\t<div class=\"elementor-element elementor-element-4156243 e-con-full e-grid e-con e-child\" data-id=\"4156243\" data-element_type=\"container\" data-settings=\"{&quot;background_background&quot;:&quot;classic&quot;}\">\n\t\t\t\t<div class=\"elementor-element elementor-element-8aa015e elementor-widget elementor-widget-heading\" data-id=\"8aa015e\" data-element_type=\"widget\" data-widget_type=\"heading.default\">\n\t\t\t\t<div class=\"elementor-widget-container\">\n\t\t\t\t\t<h2 class=\"elementor-heading-title elementor-size-default\">Mardi<\/h2>\t\t\t\t<\/div>\n\t\t\t\t<\/div>\n\t\t\t\t<div class=\"elementor-element elementor-element-36081df elementor-widget elementor-widget-heading\" data-id=\"36081df\" data-element_type=\"widget\" data-widget_type=\"heading.default\">\n\t\t\t\t<div class=\"elementor-widget-container\">\n\t\t\t\t\t<h2 class=\"elementor-heading-title elementor-size-default\">6h30 - 17h<\/h2>\t\t\t\t<\/div>\n\t\t\t\t<\/div>\n\t\t\t\t<\/div>\n\t\t<div class=\"elementor-element elementor-element-f737b3e e-con-full e-grid e-con e-child\" data-id=\"f737b3e\" data-element_type=\"container\" data-settings=\"{&quot;background_background&quot;:&quot;classic&quot;}\">\n\t\t\t\t<div class=\"elementor-element elementor-element-a24bfec elementor-widget elementor-widget-heading\" data-id=\"a24bfec\" data-element_type=\"widget\" data-widget_type=\"heading.default\">\n\t\t\t\t<div class=\"elementor-widget-container\">\n\t\t\t\t\t<h2 class=\"elementor-heading-title elementor-size-default\">Mercredi<\/h2>\t\t\t\t<\/div>\n\t\t\t\t<\/div>\n\t\t\t\t<div class=\"elementor-element elementor-element-685cb47 elementor-widget elementor-widget-heading\" data-id=\"685cb47\" data-element_type=\"widget\" data-widget_type=\"heading.default\">\n\t\t\t\t<div class=\"elementor-widget-container\">\n\t\t\t\t\t<h2 class=\"elementor-heading-title elementor-size-default\">6h30 - 17h<\/h2>\t\t\t\t<\/div>\n\t\t\t\t<\/div>\n\t\t\t\t<\/div>\n\t\t<div class=\"elementor-element elementor-element-f4ee159 e-con-full e-grid e-con e-child\" data-id=\"f4ee159\" data-element_type=\"container\" data-settings=\"{&quot;background_background&quot;:&quot;classic&quot;}\">\n\t\t\t\t<div class=\"elementor-element elementor-element-0f5ef75 elementor-widget elementor-widget-heading\" data-id=\"0f5ef75\" data-element_type=\"widget\" data-widget_type=\"heading.default\">\n\t\t\t\t<div class=\"elementor-widget-container\">\n\t\t\t\t\t<h2 class=\"elementor-heading-title elementor-size-default\">Jeudi<\/h2>\t\t\t\t<\/div>\n\t\t\t\t<\/div>\n\t\t\t\t<div class=\"elementor-element elementor-element-1afe49c elementor-widget elementor-widget-heading\" data-id=\"1afe49c\" data-element_type=\"widget\" data-widget_type=\"heading.default\">\n\t\t\t\t<div class=\"elementor-widget-container\">\n\t\t\t\t\t<h2 class=\"elementor-heading-title elementor-size-default\">6h30 - 17h<\/h2>\t\t\t\t<\/div>\n\t\t\t\t<\/div>\n\t\t\t\t<\/div>\n\t\t<div class=\"elementor-element elementor-element-f4c7a72 e-con-full e-grid e-con e-child\" data-id=\"f4c7a72\" data-element_type=\"container\" data-settings=\"{&quot;background_background&quot;:&quot;classic&quot;}\">\n\t\t\t\t<div class=\"elementor-element elementor-element-cb81688 elementor-widget elementor-widget-heading\" data-id=\"cb81688\" data-element_type=\"widget\" data-widget_type=\"heading.default\">\n\t\t\t\t<div class=\"elementor-widget-container\">\n\t\t\t\t\t<h2 class=\"elementor-heading-title elementor-size-default\">Vendredi<\/h2>\t\t\t\t<\/div>\n\t\t\t\t<\/div>\n\t\t\t\t<div class=\"elementor-element elementor-element-f98de78 elementor-widget elementor-widget-heading\" data-id=\"f98de78\" data-element_type=\"widget\" data-widget_type=\"heading.default\">\n\t\t\t\t<div class=\"elementor-widget-container\">\n\t\t\t\t\t<h2 class=\"elementor-heading-title elementor-size-default\">6h30 - 17h<\/h2>\t\t\t\t<\/div>\n\t\t\t\t<\/div>\n\t\t\t\t<\/div>\n\t\t<div class=\"elementor-element elementor-element-e66c04c e-con-full e-grid e-con e-child\" data-id=\"e66c04c\" data-element_type=\"container\" data-settings=\"{&quot;background_background&quot;:&quot;classic&quot;}\">\n\t\t\t\t<div class=\"elementor-element elementor-element-237ce77 elementor-widget elementor-widget-heading\" data-id=\"237ce77\" data-element_type=\"widget\" data-widget_type=\"heading.default\">\n\t\t\t\t<div class=\"elementor-widget-container\">\n\t\t\t\t\t<h2 class=\"elementor-heading-title elementor-size-default\">Samedi<\/h2>\t\t\t\t<\/div>\n\t\t\t\t<\/div>\n\t\t\t\t<div class=\"elementor-element elementor-element-12369fa elementor-widget elementor-widget-heading\" data-id=\"12369fa\" data-element_type=\"widget\" data-widget_type=\"heading.default\">\n\t\t\t\t<div class=\"elementor-widget-container\">\n\t\t\t\t\t<h2 class=\"elementor-heading-title elementor-size-default\">7h - 4h<\/h2>\t\t\t\t<\/div>\n\t\t\t\t<\/div>\n\t\t\t\t<\/div>\n\t\t<div class=\"elementor-element elementor-element-a6c90d4 e-con-full e-grid e-con e-child\" data-id=\"a6c90d4\" data-element_type=\"container\" data-settings=\"{&quot;background_background&quot;:&quot;classic&quot;}\">\n\t\t\t\t<div class=\"elementor-element elementor-element-7a86059 elementor-widget elementor-widget-heading\" data-id=\"7a86059\" data-element_type=\"widget\" data-widget_type=\"heading.default\">\n\t\t\t\t<div class=\"elementor-widget-container\">\n\t\t\t\t\t<h2 class=\"elementor-heading-title elementor-size-default\">Dimanche<\/h2>\t\t\t\t<\/div>\n\t\t\t\t<\/div>\n\t\t\t\t<div class=\"elementor-element elementor-element-cc309c2 elementor-widget elementor-widget-heading\" data-id=\"cc309c2\" data-element_type=\"widget\" data-widget_type=\"heading.default\">\n\t\t\t\t<div class=\"elementor-widget-container\">\n\t\t\t\t\t<h2 class=\"elementor-heading-title elementor-size-default\">Ferm\u00e9<\/h2>\t\t\t\t<\/div>\n\t\t\t\t<\/div>\n\t\t\t\t<\/div>\n\t\t\t\t<div class=\"elementor-element elementor-element-9a26838 elementor-widget elementor-widget-heading\" data-id=\"9a26838\" data-element_type=\"widget\" data-widget_type=\"heading.default\">\n\t\t\t\t<div class=\"elementor-widget-container\">\n\t\t\t\t\t<p class=\"elementor-heading-title elementor-size-default\">* 24 Juin : Cong\u00e9 de la St-Jean Baptiste : Ferm\u00e9 * 29 Juin : F\u00eate du Canada : Ferm\u00e9<\/p>\t\t\t\t<\/div>\n\t\t\t\t<\/div>\n\t\t\t\t<div class=\"elementor-element elementor-element-b7762be elementor-widget elementor-widget-image\" data-id=\"b7762be\" data-element_type=\"widget\" data-widget_type=\"image.default\">\n\t\t\t\t<div class=\"elementor-widget-container\">\n\t\t\t\t\t\t\t\t\t\t\t\t\t\t\t\t<a href=\"https:\/\/g.page\/lanielpaysagistes?share\" target=\"_blank\">\n\t\t\t\t\t\t\t<img decoding=\"async\" width=\"903\" height=\"335\" src=\"https:\/\/lanielprodamex.com\/wp-content\/uploads\/2025\/05\/Map-Placeholder.jpg\" class=\"attachment-full size-full wp-image-730\" alt=\"\" srcset=\"https:\/\/lanielprodamex.com\/wp-content\/uploads\/2025\/05\/Map-Placeholder.jpg 903w, https:\/\/lanielprodamex.com\/wp-content\/uploads\/2025\/05\/Map-Placeholder-300x111.jpg 300w, https:\/\/lanielprodamex.com\/wp-content\/uploads\/2025\/05\/Map-Placeholder-768x285.jpg 768w\" sizes=\"(max-width: 903px) 100vw, 903px\" \/>\t\t\t\t\t\t\t\t<\/a>\n\t\t\t\t\t\t\t\t\t\t\t\t\t\t\t<\/div>\n\t\t\t\t<\/div>\n\t\t\t\t\t<\/div>\n\t\t\t\t<\/div>\n\t\t\t\t<\/div>\n\t\t","protected":false},"excerpt":{"rendered":"<p>ACCUEIL- CONTACTEZ-NOUS Contactez-nous Visitez notre salle de montre pour d\u00e9couvrir l&rsquo;ensemble de notre gamme de produits Courriel +514-626-3023 La meilleure facon d&rsquo;aider ? Nous laisser un avis ! J&rsquo;aide Laniel HEURES D&rsquo;OUVERTURE Lundi 6h30 &#8211; 17h Mardi 6h30 &#8211; 17h Mercredi 6h30 &#8211; 17h Jeudi 6h30 &#8211; 17h Vendredi 6h30 &#8211; 17h Samedi 7h &#8211; [&hellip;]<\/p>\n","protected":false},"author":1,"featured_media":0,"parent":0,"menu_order":0,"comment_status":"closed","ping_status":"closed","template":"","meta":{"footnotes":""},"class_list":["post-784","page","type-page","status-publish","hentry"],"yoast_head":"<!-- This site is optimized with the Yoast SEO plugin v25.0 - https:\/\/yoast.com\/wordpress\/plugins\/seo\/ -->\n<title>Nous joindre | Laniel Prodamex<\/title>\n<meta name=\"description\" content=\"Vous avez des questions? Nous sommes l\u00e0 pour vous aider! \u00c9crivez-nous via notre formulaire en ligne ou par t\u00e9l\u00e9phone au +1 514 626 3023\" \/>\n<meta name=\"robots\" content=\"index, follow, max-snippet:-1, max-image-preview:large, max-video-preview:-1\" \/>\n<link rel=\"canonical\" href=\"https:\/\/lanielprodamex.com\/fr\/contactez-nous\/\" \/>\n<meta property=\"og:locale\" content=\"fr_CA\" \/>\n<meta property=\"og:type\" content=\"article\" \/>\n<meta property=\"og:title\" content=\"Nous joindre | Laniel Prodamex\" \/>\n<meta property=\"og:description\" content=\"Vous avez des questions? Nous sommes l\u00e0 pour vous aider! \u00c9crivez-nous via notre formulaire en ligne ou par t\u00e9l\u00e9phone au +1 514 626 3023\" \/>\n<meta property=\"og:url\" content=\"https:\/\/lanielprodamex.com\/fr\/contactez-nous\/\" \/>\n<meta property=\"og:site_name\" content=\"Laniel\" \/>\n<meta property=\"article:modified_time\" content=\"2026-04-13T12:04:31+00:00\" \/>\n<meta property=\"og:image\" content=\"https:\/\/lanielprodamex.com\/wp-content\/uploads\/2025\/05\/vehicule.png\" \/>\n\t<meta property=\"og:image:width\" content=\"757\" \/>\n\t<meta property=\"og:image:height\" content=\"376\" \/>\n\t<meta property=\"og:image:type\" content=\"image\/png\" \/>\n<meta name=\"twitter:card\" content=\"summary_large_image\" \/>\n<meta name=\"twitter:label1\" content=\"Estimation du temps de lecture\" \/>\n\t<meta name=\"twitter:data1\" content=\"1 minute\" \/>\n<script type=\"application\/ld+json\" class=\"yoast-schema-graph\">{\"@context\":\"https:\/\/schema.org\",\"@graph\":[{\"@type\":\"WebPage\",\"@id\":\"https:\/\/lanielprodamex.com\/fr\/contactez-nous\/\",\"url\":\"https:\/\/lanielprodamex.com\/fr\/contactez-nous\/\",\"name\":\"Nous joindre | Laniel Prodamex\",\"isPartOf\":{\"@id\":\"https:\/\/lanielprodamex.com\/fr\/#website\"},\"primaryImageOfPage\":{\"@id\":\"https:\/\/lanielprodamex.com\/fr\/contactez-nous\/#primaryimage\"},\"image\":{\"@id\":\"https:\/\/lanielprodamex.com\/fr\/contactez-nous\/#primaryimage\"},\"thumbnailUrl\":\"https:\/\/lanielprodamex.com\/wp-content\/uploads\/2025\/05\/vehicule.png\",\"datePublished\":\"2025-03-06T15:57:16+00:00\",\"dateModified\":\"2026-04-13T12:04:31+00:00\",\"description\":\"Vous avez des questions? Nous sommes l\u00e0 pour vous aider! \u00c9crivez-nous via notre formulaire en ligne ou par t\u00e9l\u00e9phone au +1 514 626 3023\",\"breadcrumb\":{\"@id\":\"https:\/\/lanielprodamex.com\/fr\/contactez-nous\/#breadcrumb\"},\"inLanguage\":\"fr-CA\",\"potentialAction\":[{\"@type\":\"ReadAction\",\"target\":[\"https:\/\/lanielprodamex.com\/fr\/contactez-nous\/\"]}]},{\"@type\":\"ImageObject\",\"inLanguage\":\"fr-CA\",\"@id\":\"https:\/\/lanielprodamex.com\/fr\/contactez-nous\/#primaryimage\",\"url\":\"https:\/\/lanielprodamex.com\/wp-content\/uploads\/2025\/05\/vehicule.png\",\"contentUrl\":\"https:\/\/lanielprodamex.com\/wp-content\/uploads\/2025\/05\/vehicule.png\"},{\"@type\":\"BreadcrumbList\",\"@id\":\"https:\/\/lanielprodamex.com\/fr\/contactez-nous\/#breadcrumb\",\"itemListElement\":[{\"@type\":\"ListItem\",\"position\":1,\"name\":\"Home\",\"item\":\"https:\/\/lanielprodamex.com\/fr\/\"},{\"@type\":\"ListItem\",\"position\":2,\"name\":\"Contactez-nous\"}]},{\"@type\":\"WebSite\",\"@id\":\"https:\/\/lanielprodamex.com\/fr\/#website\",\"url\":\"https:\/\/lanielprodamex.com\/fr\/\",\"name\":\"Laniel\",\"description\":\"\",\"publisher\":{\"@id\":\"https:\/\/lanielprodamex.com\/fr\/#organization\"},\"potentialAction\":[{\"@type\":\"SearchAction\",\"target\":{\"@type\":\"EntryPoint\",\"urlTemplate\":\"https:\/\/lanielprodamex.com\/fr\/?s={search_term_string}\"},\"query-input\":{\"@type\":\"PropertyValueSpecification\",\"valueRequired\":true,\"valueName\":\"search_term_string\"}}],\"inLanguage\":\"fr-CA\"},{\"@type\":\"Organization\",\"@id\":\"https:\/\/lanielprodamex.com\/fr\/#organization\",\"name\":\"Laniel\",\"url\":\"https:\/\/lanielprodamex.com\/fr\/\",\"logo\":{\"@type\":\"ImageObject\",\"inLanguage\":\"fr-CA\",\"@id\":\"https:\/\/lanielprodamex.com\/fr\/#\/schema\/logo\/image\/\",\"url\":\"https:\/\/laniel.2point0media.com\/wp-content\/uploads\/2025\/02\/Laniel-black.webp\",\"contentUrl\":\"https:\/\/laniel.2point0media.com\/wp-content\/uploads\/2025\/02\/Laniel-black.webp\",\"width\":377,\"height\":141,\"caption\":\"Laniel\"},\"image\":{\"@id\":\"https:\/\/lanielprodamex.com\/fr\/#\/schema\/logo\/image\/\"}}]}<\/script>\n<!-- \/ Yoast SEO plugin. -->","yoast_head_json":{"title":"Nous joindre | Laniel Prodamex","description":"Vous avez des questions? Nous sommes l\u00e0 pour vous aider! \u00c9crivez-nous via notre formulaire en ligne ou par t\u00e9l\u00e9phone au +1 514 626 3023","robots":{"index":"index","follow":"follow","max-snippet":"max-snippet:-1","max-image-preview":"max-image-preview:large","max-video-preview":"max-video-preview:-1"},"canonical":"https:\/\/lanielprodamex.com\/fr\/contactez-nous\/","og_locale":"fr_CA","og_type":"article","og_title":"Nous joindre | Laniel Prodamex","og_description":"Vous avez des questions? Nous sommes l\u00e0 pour vous aider! \u00c9crivez-nous via notre formulaire en ligne ou par t\u00e9l\u00e9phone au +1 514 626 3023","og_url":"https:\/\/lanielprodamex.com\/fr\/contactez-nous\/","og_site_name":"Laniel","article_modified_time":"2026-04-13T12:04:31+00:00","og_image":[{"width":757,"height":376,"url":"https:\/\/lanielprodamex.com\/wp-content\/uploads\/2025\/05\/vehicule.png","type":"image\/png"}],"twitter_card":"summary_large_image","twitter_misc":{"Estimation du temps de lecture":"1 minute"},"schema":{"@context":"https:\/\/schema.org","@graph":[{"@type":"WebPage","@id":"https:\/\/lanielprodamex.com\/fr\/contactez-nous\/","url":"https:\/\/lanielprodamex.com\/fr\/contactez-nous\/","name":"Nous joindre | Laniel Prodamex","isPartOf":{"@id":"https:\/\/lanielprodamex.com\/fr\/#website"},"primaryImageOfPage":{"@id":"https:\/\/lanielprodamex.com\/fr\/contactez-nous\/#primaryimage"},"image":{"@id":"https:\/\/lanielprodamex.com\/fr\/contactez-nous\/#primaryimage"},"thumbnailUrl":"https:\/\/lanielprodamex.com\/wp-content\/uploads\/2025\/05\/vehicule.png","datePublished":"2025-03-06T15:57:16+00:00","dateModified":"2026-04-13T12:04:31+00:00","description":"Vous avez des questions? Nous sommes l\u00e0 pour vous aider! \u00c9crivez-nous via notre formulaire en ligne ou par t\u00e9l\u00e9phone au +1 514 626 3023","breadcrumb":{"@id":"https:\/\/lanielprodamex.com\/fr\/contactez-nous\/#breadcrumb"},"inLanguage":"fr-CA","potentialAction":[{"@type":"ReadAction","target":["https:\/\/lanielprodamex.com\/fr\/contactez-nous\/"]}]},{"@type":"ImageObject","inLanguage":"fr-CA","@id":"https:\/\/lanielprodamex.com\/fr\/contactez-nous\/#primaryimage","url":"https:\/\/lanielprodamex.com\/wp-content\/uploads\/2025\/05\/vehicule.png","contentUrl":"https:\/\/lanielprodamex.com\/wp-content\/uploads\/2025\/05\/vehicule.png"},{"@type":"BreadcrumbList","@id":"https:\/\/lanielprodamex.com\/fr\/contactez-nous\/#breadcrumb","itemListElement":[{"@type":"ListItem","position":1,"name":"Home","item":"https:\/\/lanielprodamex.com\/fr\/"},{"@type":"ListItem","position":2,"name":"Contactez-nous"}]},{"@type":"WebSite","@id":"https:\/\/lanielprodamex.com\/fr\/#website","url":"https:\/\/lanielprodamex.com\/fr\/","name":"Laniel","description":"","publisher":{"@id":"https:\/\/lanielprodamex.com\/fr\/#organization"},"potentialAction":[{"@type":"SearchAction","target":{"@type":"EntryPoint","urlTemplate":"https:\/\/lanielprodamex.com\/fr\/?s={search_term_string}"},"query-input":{"@type":"PropertyValueSpecification","valueRequired":true,"valueName":"search_term_string"}}],"inLanguage":"fr-CA"},{"@type":"Organization","@id":"https:\/\/lanielprodamex.com\/fr\/#organization","name":"Laniel","url":"https:\/\/lanielprodamex.com\/fr\/","logo":{"@type":"ImageObject","inLanguage":"fr-CA","@id":"https:\/\/lanielprodamex.com\/fr\/#\/schema\/logo\/image\/","url":"https:\/\/laniel.2point0media.com\/wp-content\/uploads\/2025\/02\/Laniel-black.webp","contentUrl":"https:\/\/laniel.2point0media.com\/wp-content\/uploads\/2025\/02\/Laniel-black.webp","width":377,"height":141,"caption":"Laniel"},"image":{"@id":"https:\/\/lanielprodamex.com\/fr\/#\/schema\/logo\/image\/"}}]}},"_links":{"self":[{"href":"https:\/\/lanielprodamex.com\/fr\/wp-json\/wp\/v2\/pages\/784","targetHints":{"allow":["GET"]}}],"collection":[{"href":"https:\/\/lanielprodamex.com\/fr\/wp-json\/wp\/v2\/pages"}],"about":[{"href":"https:\/\/lanielprodamex.com\/fr\/wp-json\/wp\/v2\/types\/page"}],"author":[{"embeddable":true,"href":"https:\/\/lanielprodamex.com\/fr\/wp-json\/wp\/v2\/users\/1"}],"replies":[{"embeddable":true,"href":"https:\/\/lanielprodamex.com\/fr\/wp-json\/wp\/v2\/comments?post=784"}],"version-history":[{"count":7,"href":"https:\/\/lanielprodamex.com\/fr\/wp-json\/wp\/v2\/pages\/784\/revisions"}],"predecessor-version":[{"id":949,"href":"https:\/\/lanielprodamex.com\/fr\/wp-json\/wp\/v2\/pages\/784\/revisions\/949"}],"wp:attachment":[{"href":"https:\/\/lanielprodamex.com\/fr\/wp-json\/wp\/v2\/media?parent=784"}],"curies":[{"name":"wp","href":"https:\/\/api.w.org\/{rel}","templated":true}]}}