{"id":800,"date":"2025-02-12T11:27:47","date_gmt":"2025-02-12T16:27:47","guid":{"rendered":"https:\/\/laniel.2point0media.com\/vie-exterieure\/"},"modified":"2025-05-05T16:03:13","modified_gmt":"2025-05-05T20:03:13","slug":"vie-exterieure","status":"publish","type":"page","link":"https:\/\/lanielprodamex.com\/fr\/vie-exterieure\/","title":{"rendered":"Vie ext\u00e9rieure"},"content":{"rendered":"\t\t<div data-elementor-type=\"wp-page\" data-elementor-id=\"800\" class=\"elementor elementor-800 elementor-194\" data-elementor-post-type=\"page\">\n\t\t\t\t<div class=\"elementor-element elementor-element-e727e66 e-flex e-con-boxed e-con e-parent\" data-id=\"e727e66\" data-element_type=\"container\">\n\t\t\t\t\t<div class=\"e-con-inner\">\n\t\t<div class=\"elementor-element elementor-element-c7d523f e-con-full e-flex e-con e-child\" data-id=\"c7d523f\" data-element_type=\"container\">\n\t\t<div class=\"elementor-element elementor-element-b9b06b3 e-con-full e-flex e-con e-child\" data-id=\"b9b06b3\" data-element_type=\"container\">\n\t\t\t\t<div class=\"elementor-element elementor-element-4705847 elementor-widget elementor-widget-heading\" data-id=\"4705847\" data-element_type=\"widget\" data-widget_type=\"heading.default\">\n\t\t\t\t<div class=\"elementor-widget-container\">\n\t\t\t\t\t<h2 class=\"elementor-heading-title elementor-size-default\">\u00c9clairage ext\u00e9rieur<\/h2>\t\t\t\t<\/div>\n\t\t\t\t<\/div>\n\t\t\t\t<div class=\"elementor-element elementor-element-70126f1 elementor-widget elementor-widget-image\" data-id=\"70126f1\" data-element_type=\"widget\" data-widget_type=\"image.default\">\n\t\t\t\t<div class=\"elementor-widget-container\">\n\t\t\t\t\t\t\t\t\t\t\t\t\t\t\t<img fetchpriority=\"high\" decoding=\"async\" width=\"800\" height=\"800\" src=\"https:\/\/lanielprodamex.com\/wp-content\/uploads\/2025\/02\/eclairage_web-1024x1024.webp\" class=\"attachment-large size-large wp-image-227\" alt=\"\" srcset=\"https:\/\/lanielprodamex.com\/wp-content\/uploads\/2025\/02\/eclairage_web-1024x1024.webp 1024w, https:\/\/lanielprodamex.com\/wp-content\/uploads\/2025\/02\/eclairage_web-300x300.webp 300w, https:\/\/lanielprodamex.com\/wp-content\/uploads\/2025\/02\/eclairage_web-150x150.webp 150w, https:\/\/lanielprodamex.com\/wp-content\/uploads\/2025\/02\/eclairage_web-768x768.webp 768w, https:\/\/lanielprodamex.com\/wp-content\/uploads\/2025\/02\/eclairage_web.webp 1200w\" sizes=\"(max-width: 800px) 100vw, 800px\" \/>\t\t\t\t\t\t\t\t\t\t\t\t\t\t\t<\/div>\n\t\t\t\t<\/div>\n\t\t\t\t<\/div>\n\t\t<div class=\"elementor-element elementor-element-ea478fb e-con-full e-flex e-con e-child\" data-id=\"ea478fb\" data-element_type=\"container\">\n\t\t\t\t<div class=\"elementor-element elementor-element-6544b1f elementor-widget elementor-widget-heading\" data-id=\"6544b1f\" data-element_type=\"widget\" data-widget_type=\"heading.default\">\n\t\t\t\t<div class=\"elementor-widget-container\">\n\t\t\t\t\t<h2 class=\"elementor-heading-title elementor-size-default\">Cuisine ext\u00e9rieure<\/h2>\t\t\t\t<\/div>\n\t\t\t\t<\/div>\n\t\t\t\t<div class=\"elementor-element elementor-element-769a7bf elementor-widget elementor-widget-image\" data-id=\"769a7bf\" data-element_type=\"widget\" data-widget_type=\"image.default\">\n\t\t\t\t<div class=\"elementor-widget-container\">\n\t\t\t\t\t\t\t\t\t\t\t\t\t\t\t<img decoding=\"async\" width=\"800\" height=\"600\" src=\"https:\/\/lanielprodamex.com\/wp-content\/uploads\/2025\/02\/ADP_BBQ_PMLT90BM-web-1536x1152-1-1024x768.webp\" class=\"attachment-large size-large wp-image-214\" alt=\"\" srcset=\"https:\/\/lanielprodamex.com\/wp-content\/uploads\/2025\/02\/ADP_BBQ_PMLT90BM-web-1536x1152-1-1024x768.webp 1024w, https:\/\/lanielprodamex.com\/wp-content\/uploads\/2025\/02\/ADP_BBQ_PMLT90BM-web-1536x1152-1-300x225.webp 300w, https:\/\/lanielprodamex.com\/wp-content\/uploads\/2025\/02\/ADP_BBQ_PMLT90BM-web-1536x1152-1-768x576.webp 768w, https:\/\/lanielprodamex.com\/wp-content\/uploads\/2025\/02\/ADP_BBQ_PMLT90BM-web-1536x1152-1.webp 1536w\" sizes=\"(max-width: 800px) 100vw, 800px\" \/>\t\t\t\t\t\t\t\t\t\t\t\t\t\t\t<\/div>\n\t\t\t\t<\/div>\n\t\t\t\t<\/div>\n\t\t<div class=\"elementor-element elementor-element-9a866d1 e-con-full e-flex e-con e-child\" data-id=\"9a866d1\" data-element_type=\"container\">\n\t\t\t\t<div class=\"elementor-element elementor-element-1af773e elementor-widget elementor-widget-heading\" data-id=\"1af773e\" data-element_type=\"widget\" data-widget_type=\"heading.default\">\n\t\t\t\t<div class=\"elementor-widget-container\">\n\t\t\t\t\t<h2 class=\"elementor-heading-title elementor-size-default\">Jardin exterieurs<\/h2>\t\t\t\t<\/div>\n\t\t\t\t<\/div>\n\t\t\t\t<div class=\"elementor-element elementor-element-147f7d2 elementor-widget elementor-widget-image\" data-id=\"147f7d2\" data-element_type=\"widget\" data-widget_type=\"image.default\">\n\t\t\t\t<div class=\"elementor-widget-container\">\n\t\t\t\t\t\t\t\t\t\t\t\t\t\t\t<img decoding=\"async\" width=\"700\" height=\"683\" src=\"https:\/\/lanielprodamex.com\/wp-content\/uploads\/2025\/02\/jardin-exterieur-700x683-1.webp\" class=\"attachment-large size-large wp-image-206\" alt=\"\" srcset=\"https:\/\/lanielprodamex.com\/wp-content\/uploads\/2025\/02\/jardin-exterieur-700x683-1.webp 700w, https:\/\/lanielprodamex.com\/wp-content\/uploads\/2025\/02\/jardin-exterieur-700x683-1-300x293.webp 300w\" sizes=\"(max-width: 700px) 100vw, 700px\" \/>\t\t\t\t\t\t\t\t\t\t\t\t\t\t\t<\/div>\n\t\t\t\t<\/div>\n\t\t\t\t<\/div>\n\t\t\t\t<\/div>\n\t\t<div class=\"elementor-element elementor-element-e29877d e-con-full e-flex e-con e-child\" data-id=\"e29877d\" data-element_type=\"container\">\n\t\t<div class=\"elementor-element elementor-element-e8770c3 e-con-full e-flex e-con e-child\" data-id=\"e8770c3\" data-element_type=\"container\">\n\t\t\t\t<div class=\"elementor-element elementor-element-6447b6d elementor-widget elementor-widget-heading\" data-id=\"6447b6d\" data-element_type=\"widget\" data-widget_type=\"heading.default\">\n\t\t\t\t<div class=\"elementor-widget-container\">\n\t\t\t\t\t<h2 class=\"elementor-heading-title elementor-size-default\">Drainage<\/h2>\t\t\t\t<\/div>\n\t\t\t\t<\/div>\n\t\t\t\t<div class=\"elementor-element elementor-element-4b4c878 elementor-widget elementor-widget-image\" data-id=\"4b4c878\" data-element_type=\"widget\" data-widget_type=\"image.default\">\n\t\t\t\t<div class=\"elementor-widget-container\">\n\t\t\t\t\t\t\t\t\t\t\t\t\t\t\t<img loading=\"lazy\" decoding=\"async\" width=\"768\" height=\"608\" src=\"https:\/\/lanielprodamex.com\/wp-content\/uploads\/2025\/02\/TwoRotors_web-768x608-1.webp\" class=\"attachment-large size-large wp-image-212\" alt=\"\" srcset=\"https:\/\/lanielprodamex.com\/wp-content\/uploads\/2025\/02\/TwoRotors_web-768x608-1.webp 768w, https:\/\/lanielprodamex.com\/wp-content\/uploads\/2025\/02\/TwoRotors_web-768x608-1-300x238.webp 300w\" sizes=\"(max-width: 768px) 100vw, 768px\" \/>\t\t\t\t\t\t\t\t\t\t\t\t\t\t\t<\/div>\n\t\t\t\t<\/div>\n\t\t\t\t<\/div>\n\t\t<div class=\"elementor-element elementor-element-25be341 e-con-full e-flex e-con e-child\" data-id=\"25be341\" data-element_type=\"container\">\n\t\t\t\t<div class=\"elementor-element elementor-element-f2ac513 elementor-widget elementor-widget-heading\" data-id=\"f2ac513\" data-element_type=\"widget\" data-widget_type=\"heading.default\">\n\t\t\t\t<div class=\"elementor-widget-container\">\n\t\t\t\t\t<h2 class=\"elementor-heading-title elementor-size-default\">Conception de plan<\/h2>\t\t\t\t<\/div>\n\t\t\t\t<\/div>\n\t\t\t\t<div class=\"elementor-element elementor-element-069e25a elementor-widget elementor-widget-image\" data-id=\"069e25a\" data-element_type=\"widget\" data-widget_type=\"image.default\">\n\t\t\t\t<div class=\"elementor-widget-container\">\n\t\t\t\t\t\t\t\t\t\t\t\t\t\t\t<img loading=\"lazy\" decoding=\"async\" width=\"300\" height=\"275\" src=\"https:\/\/lanielprodamex.com\/wp-content\/uploads\/2025\/02\/Capture-decran-2024-04-09-155315-300x275-1.webp\" class=\"attachment-large size-large wp-image-200\" alt=\"\" \/>\t\t\t\t\t\t\t\t\t\t\t\t\t\t\t<\/div>\n\t\t\t\t<\/div>\n\t\t\t\t<\/div>\n\t\t<div class=\"elementor-element elementor-element-fb17141 e-con-full e-flex e-con e-child\" data-id=\"fb17141\" data-element_type=\"container\">\n\t\t\t\t<div class=\"elementor-element elementor-element-2ae30da elementor-widget elementor-widget-heading\" data-id=\"2ae30da\" data-element_type=\"widget\" data-widget_type=\"heading.default\">\n\t\t\t\t<div class=\"elementor-widget-container\">\n\t\t\t\t\t<h2 class=\"elementor-heading-title elementor-size-default\">Am\u00e9nagement ext\u00e9rieur de piscine<\/h2>\t\t\t\t<\/div>\n\t\t\t\t<\/div>\n\t\t\t\t<div class=\"elementor-element elementor-element-9299d88 elementor-widget elementor-widget-image\" data-id=\"9299d88\" data-element_type=\"widget\" data-widget_type=\"image.default\">\n\t\t\t\t<div class=\"elementor-widget-container\">\n\t\t\t\t\t\t\t\t\t\t\t\t\t\t\t<img loading=\"lazy\" decoding=\"async\" width=\"640\" height=\"472\" src=\"https:\/\/lanielprodamex.com\/wp-content\/uploads\/2025\/02\/dalle-cassara.webp\" class=\"attachment-large size-large wp-image-216\" alt=\"\" srcset=\"https:\/\/lanielprodamex.com\/wp-content\/uploads\/2025\/02\/dalle-cassara.webp 640w, https:\/\/lanielprodamex.com\/wp-content\/uploads\/2025\/02\/dalle-cassara-300x221.webp 300w\" sizes=\"(max-width: 640px) 100vw, 640px\" \/>\t\t\t\t\t\t\t\t\t\t\t\t\t\t\t<\/div>\n\t\t\t\t<\/div>\n\t\t\t\t<\/div>\n\t\t\t\t<\/div>\n\t\t<div class=\"elementor-element elementor-element-02d6157 e-con-full e-flex e-con e-child\" data-id=\"02d6157\" data-element_type=\"container\">\n\t\t<div class=\"elementor-element elementor-element-72f8c7c e-con-full e-flex e-con e-child\" data-id=\"72f8c7c\" data-element_type=\"container\">\n\t\t\t\t<div class=\"elementor-element elementor-element-048b82e elementor-widget elementor-widget-heading\" data-id=\"048b82e\" data-element_type=\"widget\" data-widget_type=\"heading.default\">\n\t\t\t\t<div class=\"elementor-widget-container\">\n\t\t\t\t\t<h2 class=\"elementor-heading-title elementor-size-default\">Am\u00e9nagement Cour ext\u00e9rieure<\/h2>\t\t\t\t<\/div>\n\t\t\t\t<\/div>\n\t\t\t\t<div class=\"elementor-element elementor-element-e41a212 elementor-widget elementor-widget-image\" data-id=\"e41a212\" data-element_type=\"widget\" data-widget_type=\"image.default\">\n\t\t\t\t<div class=\"elementor-widget-container\">\n\t\t\t\t\t\t\t\t\t\t\t\t\t\t\t<img loading=\"lazy\" decoding=\"async\" width=\"800\" height=\"600\" src=\"https:\/\/lanielprodamex.com\/wp-content\/uploads\/2025\/02\/natural-stone-1024x768-1.webp\" class=\"attachment-large size-large wp-image-208\" alt=\"\" srcset=\"https:\/\/lanielprodamex.com\/wp-content\/uploads\/2025\/02\/natural-stone-1024x768-1.webp 1024w, https:\/\/lanielprodamex.com\/wp-content\/uploads\/2025\/02\/natural-stone-1024x768-1-300x225.webp 300w, https:\/\/lanielprodamex.com\/wp-content\/uploads\/2025\/02\/natural-stone-1024x768-1-768x576.webp 768w\" sizes=\"(max-width: 800px) 100vw, 800px\" \/>\t\t\t\t\t\t\t\t\t\t\t\t\t\t\t<\/div>\n\t\t\t\t<\/div>\n\t\t\t\t<\/div>\n\t\t<div class=\"elementor-element elementor-element-136ecfe e-con-full e-flex e-con e-child\" data-id=\"136ecfe\" data-element_type=\"container\">\n\t\t\t\t<div class=\"elementor-element elementor-element-b595d08 elementor-widget elementor-widget-heading\" data-id=\"b595d08\" data-element_type=\"widget\" data-widget_type=\"heading.default\">\n\t\t\t\t<div class=\"elementor-widget-container\">\n\t\t\t\t\t<h2 class=\"elementor-heading-title elementor-size-default\">Am\u00e9nagement paysager moderne<\/h2>\t\t\t\t<\/div>\n\t\t\t\t<\/div>\n\t\t\t\t<div class=\"elementor-element elementor-element-39d8633 elementor-widget elementor-widget-image\" data-id=\"39d8633\" data-element_type=\"widget\" data-widget_type=\"image.default\">\n\t\t\t\t<div class=\"elementor-widget-container\">\n\t\t\t\t\t\t\t\t\t\t\t\t\t\t\t<img loading=\"lazy\" decoding=\"async\" width=\"525\" height=\"400\" src=\"https:\/\/lanielprodamex.com\/wp-content\/uploads\/2025\/02\/pave-Blu-80-lisse.webp\" class=\"attachment-large size-large wp-image-210\" alt=\"\" srcset=\"https:\/\/lanielprodamex.com\/wp-content\/uploads\/2025\/02\/pave-Blu-80-lisse.webp 525w, https:\/\/lanielprodamex.com\/wp-content\/uploads\/2025\/02\/pave-Blu-80-lisse-300x229.webp 300w\" sizes=\"(max-width: 525px) 100vw, 525px\" \/>\t\t\t\t\t\t\t\t\t\t\t\t\t\t\t<\/div>\n\t\t\t\t<\/div>\n\t\t\t\t<\/div>\n\t\t<div class=\"elementor-element elementor-element-5425a82 e-con-full e-flex e-con e-child\" data-id=\"5425a82\" data-element_type=\"container\">\n\t\t\t\t<div class=\"elementor-element elementor-element-1028025 elementor-widget elementor-widget-heading\" data-id=\"1028025\" data-element_type=\"widget\" data-widget_type=\"heading.default\">\n\t\t\t\t<div class=\"elementor-widget-container\">\n\t\t\t\t\t<h2 class=\"elementor-heading-title elementor-size-default\">Foyer ext\u00e9rieur<\/h2>\t\t\t\t<\/div>\n\t\t\t\t<\/div>\n\t\t\t\t<div class=\"elementor-element elementor-element-a90931d elementor-widget elementor-widget-image\" data-id=\"a90931d\" data-element_type=\"widget\" data-widget_type=\"image.default\">\n\t\t\t\t<div class=\"elementor-widget-container\">\n\t\t\t\t\t\t\t\t\t\t\t\t\t\t\t<img loading=\"lazy\" decoding=\"async\" width=\"700\" height=\"467\" src=\"https:\/\/lanielprodamex.com\/wp-content\/uploads\/2025\/02\/foyer-rectangle-raffinato.webp\" class=\"attachment-full size-full wp-image-204\" alt=\"\" srcset=\"https:\/\/lanielprodamex.com\/wp-content\/uploads\/2025\/02\/foyer-rectangle-raffinato.webp 700w, https:\/\/lanielprodamex.com\/wp-content\/uploads\/2025\/02\/foyer-rectangle-raffinato-300x200.webp 300w\" sizes=\"(max-width: 700px) 100vw, 700px\" \/>\t\t\t\t\t\t\t\t\t\t\t\t\t\t\t<\/div>\n\t\t\t\t<\/div>\n\t\t\t\t<\/div>\n\t\t\t\t<\/div>\n\t\t\t\t\t<\/div>\n\t\t\t\t<\/div>\n\t\t\t\t<\/div>\n\t\t","protected":false},"excerpt":{"rendered":"<p>\u00c9clairage ext\u00e9rieur Cuisine ext\u00e9rieure Jardin exterieurs Drainage Conception de plan Am\u00e9nagement ext\u00e9rieur de piscine Am\u00e9nagement Cour ext\u00e9rieure Am\u00e9nagement paysager moderne Foyer ext\u00e9rieur<\/p>\n","protected":false},"author":1,"featured_media":0,"parent":0,"menu_order":0,"comment_status":"closed","ping_status":"closed","template":"","meta":{"footnotes":""},"class_list":["post-800","page","type-page","status-publish","hentry"],"yoast_head":"<!-- This site is optimized with the Yoast SEO plugin v25.0 - https:\/\/yoast.com\/wordpress\/plugins\/seo\/ -->\n<title>Vie ext\u00e9rieure - Laniel<\/title>\n<meta name=\"robots\" content=\"index, follow, max-snippet:-1, max-image-preview:large, max-video-preview:-1\" \/>\n<link rel=\"canonical\" href=\"https:\/\/lanielprodamex.com\/fr\/vie-exterieure\/\" \/>\n<meta property=\"og:locale\" content=\"fr_CA\" \/>\n<meta property=\"og:type\" content=\"article\" \/>\n<meta property=\"og:title\" content=\"Vie ext\u00e9rieure - Laniel\" \/>\n<meta property=\"og:description\" content=\"\u00c9clairage ext\u00e9rieur Cuisine ext\u00e9rieure Jardin exterieurs Drainage Conception de plan Am\u00e9nagement ext\u00e9rieur de piscine Am\u00e9nagement Cour ext\u00e9rieure Am\u00e9nagement paysager moderne Foyer ext\u00e9rieur\" \/>\n<meta property=\"og:url\" content=\"https:\/\/lanielprodamex.com\/fr\/vie-exterieure\/\" \/>\n<meta property=\"og:site_name\" content=\"Laniel\" \/>\n<meta property=\"article:modified_time\" content=\"2025-05-05T20:03:13+00:00\" \/>\n<meta property=\"og:image\" content=\"https:\/\/laniel.2point0media.com\/wp-content\/uploads\/2025\/02\/eclairage_web-1024x1024.webp\" \/>\n<meta name=\"twitter:card\" content=\"summary_large_image\" \/>\n<script type=\"application\/ld+json\" class=\"yoast-schema-graph\">{\"@context\":\"https:\/\/schema.org\",\"@graph\":[{\"@type\":\"WebPage\",\"@id\":\"https:\/\/lanielprodamex.com\/fr\/vie-exterieure\/\",\"url\":\"https:\/\/lanielprodamex.com\/fr\/vie-exterieure\/\",\"name\":\"Vie ext\u00e9rieure - Laniel\",\"isPartOf\":{\"@id\":\"https:\/\/lanielprodamex.com\/fr\/#website\"},\"primaryImageOfPage\":{\"@id\":\"https:\/\/lanielprodamex.com\/fr\/vie-exterieure\/#primaryimage\"},\"image\":{\"@id\":\"https:\/\/lanielprodamex.com\/fr\/vie-exterieure\/#primaryimage\"},\"thumbnailUrl\":\"https:\/\/laniel.2point0media.com\/wp-content\/uploads\/2025\/02\/eclairage_web-1024x1024.webp\",\"datePublished\":\"2025-02-12T16:27:47+00:00\",\"dateModified\":\"2025-05-05T20:03:13+00:00\",\"breadcrumb\":{\"@id\":\"https:\/\/lanielprodamex.com\/fr\/vie-exterieure\/#breadcrumb\"},\"inLanguage\":\"fr-CA\",\"potentialAction\":[{\"@type\":\"ReadAction\",\"target\":[\"https:\/\/lanielprodamex.com\/fr\/vie-exterieure\/\"]}]},{\"@type\":\"ImageObject\",\"inLanguage\":\"fr-CA\",\"@id\":\"https:\/\/lanielprodamex.com\/fr\/vie-exterieure\/#primaryimage\",\"url\":\"https:\/\/laniel.2point0media.com\/wp-content\/uploads\/2025\/02\/eclairage_web-1024x1024.webp\",\"contentUrl\":\"https:\/\/laniel.2point0media.com\/wp-content\/uploads\/2025\/02\/eclairage_web-1024x1024.webp\"},{\"@type\":\"BreadcrumbList\",\"@id\":\"https:\/\/lanielprodamex.com\/fr\/vie-exterieure\/#breadcrumb\",\"itemListElement\":[{\"@type\":\"ListItem\",\"position\":1,\"name\":\"Home\",\"item\":\"https:\/\/lanielprodamex.com\/fr\/\"},{\"@type\":\"ListItem\",\"position\":2,\"name\":\"Vie ext\u00e9rieure\"}]},{\"@type\":\"WebSite\",\"@id\":\"https:\/\/lanielprodamex.com\/fr\/#website\",\"url\":\"https:\/\/lanielprodamex.com\/fr\/\",\"name\":\"Laniel\",\"description\":\"\",\"publisher\":{\"@id\":\"https:\/\/lanielprodamex.com\/fr\/#organization\"},\"potentialAction\":[{\"@type\":\"SearchAction\",\"target\":{\"@type\":\"EntryPoint\",\"urlTemplate\":\"https:\/\/lanielprodamex.com\/fr\/?s={search_term_string}\"},\"query-input\":{\"@type\":\"PropertyValueSpecification\",\"valueRequired\":true,\"valueName\":\"search_term_string\"}}],\"inLanguage\":\"fr-CA\"},{\"@type\":\"Organization\",\"@id\":\"https:\/\/lanielprodamex.com\/fr\/#organization\",\"name\":\"Laniel\",\"url\":\"https:\/\/lanielprodamex.com\/fr\/\",\"logo\":{\"@type\":\"ImageObject\",\"inLanguage\":\"fr-CA\",\"@id\":\"https:\/\/lanielprodamex.com\/fr\/#\/schema\/logo\/image\/\",\"url\":\"https:\/\/laniel.2point0media.com\/wp-content\/uploads\/2025\/02\/Laniel-black.webp\",\"contentUrl\":\"https:\/\/laniel.2point0media.com\/wp-content\/uploads\/2025\/02\/Laniel-black.webp\",\"width\":377,\"height\":141,\"caption\":\"Laniel\"},\"image\":{\"@id\":\"https:\/\/lanielprodamex.com\/fr\/#\/schema\/logo\/image\/\"}}]}<\/script>\n<!-- \/ Yoast SEO plugin. -->","yoast_head_json":{"title":"Vie ext\u00e9rieure - Laniel","robots":{"index":"index","follow":"follow","max-snippet":"max-snippet:-1","max-image-preview":"max-image-preview:large","max-video-preview":"max-video-preview:-1"},"canonical":"https:\/\/lanielprodamex.com\/fr\/vie-exterieure\/","og_locale":"fr_CA","og_type":"article","og_title":"Vie ext\u00e9rieure - Laniel","og_description":"\u00c9clairage ext\u00e9rieur Cuisine ext\u00e9rieure Jardin exterieurs Drainage Conception de plan Am\u00e9nagement ext\u00e9rieur de piscine Am\u00e9nagement Cour ext\u00e9rieure Am\u00e9nagement paysager moderne Foyer ext\u00e9rieur","og_url":"https:\/\/lanielprodamex.com\/fr\/vie-exterieure\/","og_site_name":"Laniel","article_modified_time":"2025-05-05T20:03:13+00:00","og_image":[{"url":"https:\/\/laniel.2point0media.com\/wp-content\/uploads\/2025\/02\/eclairage_web-1024x1024.webp","type":"","width":"","height":""}],"twitter_card":"summary_large_image","schema":{"@context":"https:\/\/schema.org","@graph":[{"@type":"WebPage","@id":"https:\/\/lanielprodamex.com\/fr\/vie-exterieure\/","url":"https:\/\/lanielprodamex.com\/fr\/vie-exterieure\/","name":"Vie ext\u00e9rieure - Laniel","isPartOf":{"@id":"https:\/\/lanielprodamex.com\/fr\/#website"},"primaryImageOfPage":{"@id":"https:\/\/lanielprodamex.com\/fr\/vie-exterieure\/#primaryimage"},"image":{"@id":"https:\/\/lanielprodamex.com\/fr\/vie-exterieure\/#primaryimage"},"thumbnailUrl":"https:\/\/laniel.2point0media.com\/wp-content\/uploads\/2025\/02\/eclairage_web-1024x1024.webp","datePublished":"2025-02-12T16:27:47+00:00","dateModified":"2025-05-05T20:03:13+00:00","breadcrumb":{"@id":"https:\/\/lanielprodamex.com\/fr\/vie-exterieure\/#breadcrumb"},"inLanguage":"fr-CA","potentialAction":[{"@type":"ReadAction","target":["https:\/\/lanielprodamex.com\/fr\/vie-exterieure\/"]}]},{"@type":"ImageObject","inLanguage":"fr-CA","@id":"https:\/\/lanielprodamex.com\/fr\/vie-exterieure\/#primaryimage","url":"https:\/\/laniel.2point0media.com\/wp-content\/uploads\/2025\/02\/eclairage_web-1024x1024.webp","contentUrl":"https:\/\/laniel.2point0media.com\/wp-content\/uploads\/2025\/02\/eclairage_web-1024x1024.webp"},{"@type":"BreadcrumbList","@id":"https:\/\/lanielprodamex.com\/fr\/vie-exterieure\/#breadcrumb","itemListElement":[{"@type":"ListItem","position":1,"name":"Home","item":"https:\/\/lanielprodamex.com\/fr\/"},{"@type":"ListItem","position":2,"name":"Vie ext\u00e9rieure"}]},{"@type":"WebSite","@id":"https:\/\/lanielprodamex.com\/fr\/#website","url":"https:\/\/lanielprodamex.com\/fr\/","name":"Laniel","description":"","publisher":{"@id":"https:\/\/lanielprodamex.com\/fr\/#organization"},"potentialAction":[{"@type":"SearchAction","target":{"@type":"EntryPoint","urlTemplate":"https:\/\/lanielprodamex.com\/fr\/?s={search_term_string}"},"query-input":{"@type":"PropertyValueSpecification","valueRequired":true,"valueName":"search_term_string"}}],"inLanguage":"fr-CA"},{"@type":"Organization","@id":"https:\/\/lanielprodamex.com\/fr\/#organization","name":"Laniel","url":"https:\/\/lanielprodamex.com\/fr\/","logo":{"@type":"ImageObject","inLanguage":"fr-CA","@id":"https:\/\/lanielprodamex.com\/fr\/#\/schema\/logo\/image\/","url":"https:\/\/laniel.2point0media.com\/wp-content\/uploads\/2025\/02\/Laniel-black.webp","contentUrl":"https:\/\/laniel.2point0media.com\/wp-content\/uploads\/2025\/02\/Laniel-black.webp","width":377,"height":141,"caption":"Laniel"},"image":{"@id":"https:\/\/lanielprodamex.com\/fr\/#\/schema\/logo\/image\/"}}]}},"_links":{"self":[{"href":"https:\/\/lanielprodamex.com\/fr\/wp-json\/wp\/v2\/pages\/800","targetHints":{"allow":["GET"]}}],"collection":[{"href":"https:\/\/lanielprodamex.com\/fr\/wp-json\/wp\/v2\/pages"}],"about":[{"href":"https:\/\/lanielprodamex.com\/fr\/wp-json\/wp\/v2\/types\/page"}],"author":[{"embeddable":true,"href":"https:\/\/lanielprodamex.com\/fr\/wp-json\/wp\/v2\/users\/1"}],"replies":[{"embeddable":true,"href":"https:\/\/lanielprodamex.com\/fr\/wp-json\/wp\/v2\/comments?post=800"}],"version-history":[{"count":1,"href":"https:\/\/lanielprodamex.com\/fr\/wp-json\/wp\/v2\/pages\/800\/revisions"}],"predecessor-version":[{"id":801,"href":"https:\/\/lanielprodamex.com\/fr\/wp-json\/wp\/v2\/pages\/800\/revisions\/801"}],"wp:attachment":[{"href":"https:\/\/lanielprodamex.com\/fr\/wp-json\/wp\/v2\/media?parent=800"}],"curies":[{"name":"wp","href":"https:\/\/api.w.org\/{rel}","templated":true}]}}