{"id":802,"date":"2025-02-14T08:46:17","date_gmt":"2025-02-14T13:46:17","guid":{"rendered":"https:\/\/laniel.2point0media.com\/listes-de-prix-2025\/"},"modified":"2025-05-05T16:09:25","modified_gmt":"2025-05-05T20:09:25","slug":"listes-de-prix-2025","status":"publish","type":"page","link":"https:\/\/lanielprodamex.com\/fr\/listes-de-prix-2025\/","title":{"rendered":"LISTES DE PRIX 2025"},"content":{"rendered":"\t\t<div data-elementor-type=\"wp-page\" data-elementor-id=\"802\" class=\"elementor elementor-802 elementor-328\" data-elementor-post-type=\"page\">\n\t\t\t\t<div class=\"elementor-element elementor-element-6c0df9a e-con-full e-flex e-con e-parent\" data-id=\"6c0df9a\" data-element_type=\"container\">\n\t\t<div class=\"elementor-element elementor-element-917ab54 e-flex e-con-boxed e-con e-child\" data-id=\"917ab54\" data-element_type=\"container\">\n\t\t\t\t\t<div class=\"e-con-inner\">\n\t\t\t\t<div class=\"elementor-element elementor-element-f813f44 elementor-widget elementor-widget-heading\" data-id=\"f813f44\" data-element_type=\"widget\" data-widget_type=\"heading.default\">\n\t\t\t\t<div class=\"elementor-widget-container\">\n\t\t\t\t\t<h1 class=\"elementor-heading-title elementor-size-default\">T\u00e9l\u00e9charger la liste de prix 2025<\/h1>\t\t\t\t<\/div>\n\t\t\t\t<\/div>\n\t\t<div class=\"elementor-element elementor-element-781c8ab e-grid e-con-full e-con e-child\" data-id=\"781c8ab\" data-element_type=\"container\">\n\t\t<a class=\"elementor-element elementor-element-7b803d1 e-con-full e-flex e-con e-child\" data-id=\"7b803d1\" data-element_type=\"container\" href=\"https:\/\/online.flippingbook.com\/view\/467283562\/\" target=\"_blank\">\n\t\t\t\t<div class=\"elementor-element elementor-element-bca34d2 elementor-widget elementor-widget-image\" data-id=\"bca34d2\" data-element_type=\"widget\" data-widget_type=\"image.default\">\n\t\t\t\t<div class=\"elementor-widget-container\">\n\t\t\t\t\t\t\t\t\t\t\t\t\t\t\t<img fetchpriority=\"high\" decoding=\"async\" width=\"796\" height=\"1024\" src=\"https:\/\/lanielprodamex.com\/wp-content\/uploads\/2025\/05\/FRONT-MAIN-EN-796x1024-1.png\" class=\"attachment-full size-full wp-image-667\" alt=\"\" srcset=\"https:\/\/lanielprodamex.com\/wp-content\/uploads\/2025\/05\/FRONT-MAIN-EN-796x1024-1.png 796w, https:\/\/lanielprodamex.com\/wp-content\/uploads\/2025\/05\/FRONT-MAIN-EN-796x1024-1-233x300.png 233w, https:\/\/lanielprodamex.com\/wp-content\/uploads\/2025\/05\/FRONT-MAIN-EN-796x1024-1-768x988.png 768w\" sizes=\"(max-width: 796px) 100vw, 796px\" \/>\t\t\t\t\t\t\t\t\t\t\t\t\t\t\t<\/div>\n\t\t\t\t<\/div>\n\t\t\t\t<div class=\"elementor-element elementor-element-475b456 elementor-widget elementor-widget-heading\" data-id=\"475b456\" data-element_type=\"widget\" data-widget_type=\"heading.default\">\n\t\t\t\t<div class=\"elementor-widget-container\">\n\t\t\t\t\t<h2 class=\"elementor-heading-title elementor-size-default\">AM\u00c9NAGEMENT<\/h2>\t\t\t\t<\/div>\n\t\t\t\t<\/div>\n\t\t\t\t<div class=\"elementor-element elementor-element-3fe852f elementor-widget elementor-widget-heading\" data-id=\"3fe852f\" data-element_type=\"widget\" data-widget_type=\"heading.default\">\n\t\t\t\t<div class=\"elementor-widget-container\">\n\t\t\t\t\t<p class=\"elementor-heading-title elementor-size-default\">T\u00e9l\u00e9charger la liste de prix 2025<\/p>\t\t\t\t<\/div>\n\t\t\t\t<\/div>\n\t\t\t\t<\/a>\n\t\t<a class=\"elementor-element elementor-element-d54997b e-con-full e-flex e-con e-child\" data-id=\"d54997b\" data-element_type=\"container\" href=\"https:\/\/online.flippingbook.com\/view\/1016757250\/\" target=\"_blank\">\n\t\t\t\t<div class=\"elementor-element elementor-element-d8faa0e elementor-widget elementor-widget-image\" data-id=\"d8faa0e\" data-element_type=\"widget\" data-widget_type=\"image.default\">\n\t\t\t\t<div class=\"elementor-widget-container\">\n\t\t\t\t\t\t\t\t\t\t\t\t\t\t\t<img decoding=\"async\" width=\"622\" height=\"806\" src=\"https:\/\/lanielprodamex.com\/wp-content\/uploads\/2025\/05\/Capture-decran-2024-04-19-142154-1.png\" class=\"attachment-full size-full wp-image-665\" alt=\"\" srcset=\"https:\/\/lanielprodamex.com\/wp-content\/uploads\/2025\/05\/Capture-decran-2024-04-19-142154-1.png 622w, https:\/\/lanielprodamex.com\/wp-content\/uploads\/2025\/05\/Capture-decran-2024-04-19-142154-1-232x300.png 232w\" sizes=\"(max-width: 622px) 100vw, 622px\" \/>\t\t\t\t\t\t\t\t\t\t\t\t\t\t\t<\/div>\n\t\t\t\t<\/div>\n\t\t\t\t<div class=\"elementor-element elementor-element-7a0a44e elementor-widget elementor-widget-heading\" data-id=\"7a0a44e\" data-element_type=\"widget\" data-widget_type=\"heading.default\">\n\t\t\t\t<div class=\"elementor-widget-container\">\n\t\t\t\t\t<h2 class=\"elementor-heading-title elementor-size-default\">MA\u00c7ONNERIE<\/h2>\t\t\t\t<\/div>\n\t\t\t\t<\/div>\n\t\t\t\t<div class=\"elementor-element elementor-element-993d6e7 elementor-widget elementor-widget-heading\" data-id=\"993d6e7\" data-element_type=\"widget\" data-widget_type=\"heading.default\">\n\t\t\t\t<div class=\"elementor-widget-container\">\n\t\t\t\t\t<p class=\"elementor-heading-title elementor-size-default\">T\u00e9l\u00e9charger la liste de prix 2024<\/p>\t\t\t\t<\/div>\n\t\t\t\t<\/div>\n\t\t\t\t<\/a>\n\t\t<a class=\"elementor-element elementor-element-1c9db92 e-con-full e-flex e-con e-child\" data-id=\"1c9db92\" data-element_type=\"container\" href=\"https:\/\/online.flippingbook.com\/view\/1041042935\/\" target=\"_blank\">\n\t\t\t\t<div class=\"elementor-element elementor-element-471e56f elementor-widget elementor-widget-image\" data-id=\"471e56f\" data-element_type=\"widget\" data-widget_type=\"image.default\">\n\t\t\t\t<div class=\"elementor-widget-container\">\n\t\t\t\t\t\t\t\t\t\t\t\t\t\t\t<img decoding=\"async\" width=\"788\" height=\"1024\" src=\"https:\/\/lanielprodamex.com\/wp-content\/uploads\/2025\/05\/natural-stone-788x1024-1.png\" class=\"attachment-full size-full wp-image-663\" alt=\"\" srcset=\"https:\/\/lanielprodamex.com\/wp-content\/uploads\/2025\/05\/natural-stone-788x1024-1.png 788w, https:\/\/lanielprodamex.com\/wp-content\/uploads\/2025\/05\/natural-stone-788x1024-1-231x300.png 231w, https:\/\/lanielprodamex.com\/wp-content\/uploads\/2025\/05\/natural-stone-788x1024-1-768x998.png 768w\" sizes=\"(max-width: 788px) 100vw, 788px\" \/>\t\t\t\t\t\t\t\t\t\t\t\t\t\t\t<\/div>\n\t\t\t\t<\/div>\n\t\t\t\t<div class=\"elementor-element elementor-element-f656fb6 elementor-widget elementor-widget-heading\" data-id=\"f656fb6\" data-element_type=\"widget\" data-widget_type=\"heading.default\">\n\t\t\t\t<div class=\"elementor-widget-container\">\n\t\t\t\t\t<h2 class=\"elementor-heading-title elementor-size-default\">PIERRE NATURELLE<\/h2>\t\t\t\t<\/div>\n\t\t\t\t<\/div>\n\t\t\t\t<div class=\"elementor-element elementor-element-f7c55e8 elementor-widget elementor-widget-heading\" data-id=\"f7c55e8\" data-element_type=\"widget\" data-widget_type=\"heading.default\">\n\t\t\t\t<div class=\"elementor-widget-container\">\n\t\t\t\t\t<p class=\"elementor-heading-title elementor-size-default\">T\u00e9l\u00e9charger la liste de prix 2024<\/p>\t\t\t\t<\/div>\n\t\t\t\t<\/div>\n\t\t\t\t<\/a>\n\t\t\t\t<\/div>\n\t\t<div class=\"elementor-element elementor-element-959ae69 e-grid e-con-full e-con e-child\" data-id=\"959ae69\" data-element_type=\"container\">\n\t\t<a class=\"elementor-element elementor-element-45e72eb e-con-full e-flex e-con e-child\" data-id=\"45e72eb\" data-element_type=\"container\" href=\"https:\/\/online.flippingbook.com\/view\/142573068\/\" target=\"_blank\">\n\t\t\t\t<div class=\"elementor-element elementor-element-94004ad elementor-widget elementor-widget-image\" data-id=\"94004ad\" data-element_type=\"widget\" data-widget_type=\"image.default\">\n\t\t\t\t<div class=\"elementor-widget-container\">\n\t\t\t\t\t\t\t\t\t\t\t\t\t\t\t<img loading=\"lazy\" decoding=\"async\" width=\"233\" height=\"300\" src=\"https:\/\/lanielprodamex.com\/wp-content\/uploads\/2025\/05\/FRONT-3-233x300-1.png\" class=\"attachment-full size-full wp-image-661\" alt=\"\" \/>\t\t\t\t\t\t\t\t\t\t\t\t\t\t\t<\/div>\n\t\t\t\t<\/div>\n\t\t\t\t<div class=\"elementor-element elementor-element-08814db elementor-widget elementor-widget-heading\" data-id=\"08814db\" data-element_type=\"widget\" data-widget_type=\"heading.default\">\n\t\t\t\t<div class=\"elementor-widget-container\">\n\t\t\t\t\t<h2 class=\"elementor-heading-title elementor-size-default\">RINOX<\/h2>\t\t\t\t<\/div>\n\t\t\t\t<\/div>\n\t\t\t\t<div class=\"elementor-element elementor-element-5a76e78 elementor-widget elementor-widget-heading\" data-id=\"5a76e78\" data-element_type=\"widget\" data-widget_type=\"heading.default\">\n\t\t\t\t<div class=\"elementor-widget-container\">\n\t\t\t\t\t<p class=\"elementor-heading-title elementor-size-default\">T\u00e9l\u00e9charger la liste de prix 2025<\/p>\t\t\t\t<\/div>\n\t\t\t\t<\/div>\n\t\t\t\t<\/a>\n\t\t<a class=\"elementor-element elementor-element-1ee3a49 e-con-full e-flex e-con e-child\" data-id=\"1ee3a49\" data-element_type=\"container\" href=\"https:\/\/online.flippingbook.com\/view\/142175113\/\" target=\"_blank\">\n\t\t\t\t<div class=\"elementor-element elementor-element-0e4bca9 elementor-widget elementor-widget-image\" data-id=\"0e4bca9\" data-element_type=\"widget\" data-widget_type=\"image.default\">\n\t\t\t\t<div class=\"elementor-widget-container\">\n\t\t\t\t\t\t\t\t\t\t\t\t\t\t\t<img loading=\"lazy\" decoding=\"async\" width=\"233\" height=\"300\" src=\"https:\/\/lanielprodamex.com\/wp-content\/uploads\/2025\/05\/FRONT-2-233x300-1.png\" class=\"attachment-full size-full wp-image-659\" alt=\"\" \/>\t\t\t\t\t\t\t\t\t\t\t\t\t\t\t<\/div>\n\t\t\t\t<\/div>\n\t\t\t\t<div class=\"elementor-element elementor-element-d1e3c58 elementor-widget elementor-widget-heading\" data-id=\"d1e3c58\" data-element_type=\"widget\" data-widget_type=\"heading.default\">\n\t\t\t\t<div class=\"elementor-widget-container\">\n\t\t\t\t\t<h2 class=\"elementor-heading-title elementor-size-default\">PERMACON<\/h2>\t\t\t\t<\/div>\n\t\t\t\t<\/div>\n\t\t\t\t<div class=\"elementor-element elementor-element-1a8bed8 elementor-widget elementor-widget-heading\" data-id=\"1a8bed8\" data-element_type=\"widget\" data-widget_type=\"heading.default\">\n\t\t\t\t<div class=\"elementor-widget-container\">\n\t\t\t\t\t<p class=\"elementor-heading-title elementor-size-default\">T\u00e9l\u00e9charger la liste de prix 2025<\/p>\t\t\t\t<\/div>\n\t\t\t\t<\/div>\n\t\t\t\t<\/a>\n\t\t<a class=\"elementor-element elementor-element-d6aa703 e-con-full e-flex e-con e-child\" data-id=\"d6aa703\" data-element_type=\"container\" href=\"https:\/\/online.flippingbook.com\/view\/142396129\/\" target=\"_blank\">\n\t\t\t\t<div class=\"elementor-element elementor-element-e92fa04 elementor-widget elementor-widget-image\" data-id=\"e92fa04\" data-element_type=\"widget\" data-widget_type=\"image.default\">\n\t\t\t\t<div class=\"elementor-widget-container\">\n\t\t\t\t\t\t\t\t\t\t\t\t\t\t\t<img loading=\"lazy\" decoding=\"async\" width=\"233\" height=\"300\" src=\"https:\/\/lanielprodamex.com\/wp-content\/uploads\/2025\/05\/FRONT-2-233x300-1.png\" class=\"attachment-full size-full wp-image-659\" alt=\"\" \/>\t\t\t\t\t\t\t\t\t\t\t\t\t\t\t<\/div>\n\t\t\t\t<\/div>\n\t\t\t\t<div class=\"elementor-element elementor-element-f68e3f9 elementor-widget elementor-widget-heading\" data-id=\"f68e3f9\" data-element_type=\"widget\" data-widget_type=\"heading.default\">\n\t\t\t\t<div class=\"elementor-widget-container\">\n\t\t\t\t\t<h2 class=\"elementor-heading-title elementor-size-default\">TECHO-BLOC<\/h2>\t\t\t\t<\/div>\n\t\t\t\t<\/div>\n\t\t\t\t<div class=\"elementor-element elementor-element-b2fd315 elementor-widget elementor-widget-heading\" data-id=\"b2fd315\" data-element_type=\"widget\" data-widget_type=\"heading.default\">\n\t\t\t\t<div class=\"elementor-widget-container\">\n\t\t\t\t\t<p class=\"elementor-heading-title elementor-size-default\">T\u00e9l\u00e9charger la liste de prix 2025<\/p>\t\t\t\t<\/div>\n\t\t\t\t<\/div>\n\t\t\t\t<\/a>\n\t\t<a class=\"elementor-element elementor-element-4fb1429 e-con-full e-flex e-con e-child\" data-id=\"4fb1429\" data-element_type=\"container\" href=\"https:\/\/online.flippingbook.com\/view\/817724672\/\" target=\"_blank\">\n\t\t\t\t<div class=\"elementor-element elementor-element-85315ea elementor-widget elementor-widget-image\" data-id=\"85315ea\" data-element_type=\"widget\" data-widget_type=\"image.default\">\n\t\t\t\t<div class=\"elementor-widget-container\">\n\t\t\t\t\t\t\t\t\t\t\t\t\t\t\t<img loading=\"lazy\" decoding=\"async\" width=\"217\" height=\"300\" src=\"https:\/\/lanielprodamex.com\/wp-content\/uploads\/2025\/05\/eco-support-international-217x300-1.png\" class=\"attachment-full size-full wp-image-653\" alt=\"\" \/>\t\t\t\t\t\t\t\t\t\t\t\t\t\t\t<\/div>\n\t\t\t\t<\/div>\n\t\t\t\t<div class=\"elementor-element elementor-element-965ce4b elementor-widget elementor-widget-heading\" data-id=\"965ce4b\" data-element_type=\"widget\" data-widget_type=\"heading.default\">\n\t\t\t\t<div class=\"elementor-widget-container\">\n\t\t\t\t\t<h2 class=\"elementor-heading-title elementor-size-default\">ECO-SUPPORT<\/h2>\t\t\t\t<\/div>\n\t\t\t\t<\/div>\n\t\t\t\t<div class=\"elementor-element elementor-element-658f26e elementor-widget elementor-widget-heading\" data-id=\"658f26e\" data-element_type=\"widget\" data-widget_type=\"heading.default\">\n\t\t\t\t<div class=\"elementor-widget-container\">\n\t\t\t\t\t<p class=\"elementor-heading-title elementor-size-default\">T\u00e9l\u00e9charger la liste de prix 2024<\/p>\t\t\t\t<\/div>\n\t\t\t\t<\/div>\n\t\t\t\t<\/a>\n\t\t<a class=\"elementor-element elementor-element-eaf9cc1 e-con-full e-flex e-con e-child\" data-id=\"eaf9cc1\" data-element_type=\"container\" href=\"https:\/\/online.flippingbook.com\/view\/730021667\/\" target=\"_blank\">\n\t\t\t\t<div class=\"elementor-element elementor-element-fef4a7e elementor-widget elementor-widget-image\" data-id=\"fef4a7e\" data-element_type=\"widget\" data-widget_type=\"image.default\">\n\t\t\t\t<div class=\"elementor-widget-container\">\n\t\t\t\t\t\t\t\t\t\t\t\t\t\t\t<img loading=\"lazy\" decoding=\"async\" width=\"217\" height=\"300\" src=\"https:\/\/lanielprodamex.com\/wp-content\/uploads\/2025\/05\/CORTENA-217x300-1.png\" class=\"attachment-full size-full wp-image-655\" alt=\"\" \/>\t\t\t\t\t\t\t\t\t\t\t\t\t\t\t<\/div>\n\t\t\t\t<\/div>\n\t\t\t\t<div class=\"elementor-element elementor-element-9a7b3b1 elementor-widget elementor-widget-heading\" data-id=\"9a7b3b1\" data-element_type=\"widget\" data-widget_type=\"heading.default\">\n\t\t\t\t<div class=\"elementor-widget-container\">\n\t\t\t\t\t<h2 class=\"elementor-heading-title elementor-size-default\">CORTENA<\/h2>\t\t\t\t<\/div>\n\t\t\t\t<\/div>\n\t\t\t\t<div class=\"elementor-element elementor-element-bed01db elementor-widget elementor-widget-heading\" data-id=\"bed01db\" data-element_type=\"widget\" data-widget_type=\"heading.default\">\n\t\t\t\t<div class=\"elementor-widget-container\">\n\t\t\t\t\t<p class=\"elementor-heading-title elementor-size-default\">T\u00e9l\u00e9charger la liste de prix 2024<\/p>\t\t\t\t<\/div>\n\t\t\t\t<\/div>\n\t\t\t\t<\/a>\n\t\t\t\t<\/div>\n\t\t\t\t\t<\/div>\n\t\t\t\t<\/div>\n\t\t\t\t<\/div>\n\t\t\t\t<\/div>\n\t\t","protected":false},"excerpt":{"rendered":"<p>T\u00e9l\u00e9charger la liste de prix 2025 AM\u00c9NAGEMENT T\u00e9l\u00e9charger la liste de prix 2025 MA\u00c7ONNERIE T\u00e9l\u00e9charger la liste de prix 2024 PIERRE NATURELLE T\u00e9l\u00e9charger la liste de prix 2024 RINOX T\u00e9l\u00e9charger la liste de prix 2025 PERMACON T\u00e9l\u00e9charger la liste de prix 2025 TECHO-BLOC T\u00e9l\u00e9charger la liste de prix 2025 ECO-SUPPORT T\u00e9l\u00e9charger la liste de prix [&hellip;]<\/p>\n","protected":false},"author":1,"featured_media":0,"parent":0,"menu_order":0,"comment_status":"closed","ping_status":"closed","template":"","meta":{"footnotes":""},"class_list":["post-802","page","type-page","status-publish","hentry"],"yoast_head":"<!-- This site is optimized with the Yoast SEO plugin v25.0 - https:\/\/yoast.com\/wordpress\/plugins\/seo\/ -->\n<title>LISTES DE PRIX 2025 - Laniel<\/title>\n<meta name=\"robots\" content=\"index, follow, max-snippet:-1, max-image-preview:large, max-video-preview:-1\" \/>\n<link rel=\"canonical\" href=\"https:\/\/lanielprodamex.com\/fr\/listes-de-prix-2025\/\" \/>\n<meta property=\"og:locale\" content=\"fr_CA\" \/>\n<meta property=\"og:type\" content=\"article\" \/>\n<meta property=\"og:title\" content=\"LISTES DE PRIX 2025 - Laniel\" \/>\n<meta property=\"og:description\" content=\"T\u00e9l\u00e9charger la liste de prix 2025 AM\u00c9NAGEMENT T\u00e9l\u00e9charger la liste de prix 2025 MA\u00c7ONNERIE T\u00e9l\u00e9charger la liste de prix 2024 PIERRE NATURELLE T\u00e9l\u00e9charger la liste de prix 2024 RINOX T\u00e9l\u00e9charger la liste de prix 2025 PERMACON T\u00e9l\u00e9charger la liste de prix 2025 TECHO-BLOC T\u00e9l\u00e9charger la liste de prix 2025 ECO-SUPPORT T\u00e9l\u00e9charger la liste de prix [&hellip;]\" \/>\n<meta property=\"og:url\" content=\"https:\/\/lanielprodamex.com\/fr\/listes-de-prix-2025\/\" \/>\n<meta property=\"og:site_name\" content=\"Laniel\" \/>\n<meta property=\"article:modified_time\" content=\"2025-05-05T20:09:25+00:00\" \/>\n<meta property=\"og:image\" content=\"https:\/\/laniel.2point0media.com\/wp-content\/uploads\/2025\/05\/FRONT-MAIN-EN-796x1024-1.png\" \/>\n<meta name=\"twitter:card\" content=\"summary_large_image\" \/>\n<script type=\"application\/ld+json\" class=\"yoast-schema-graph\">{\"@context\":\"https:\/\/schema.org\",\"@graph\":[{\"@type\":\"WebPage\",\"@id\":\"https:\/\/lanielprodamex.com\/fr\/listes-de-prix-2025\/\",\"url\":\"https:\/\/lanielprodamex.com\/fr\/listes-de-prix-2025\/\",\"name\":\"LISTES DE PRIX 2025 - Laniel\",\"isPartOf\":{\"@id\":\"https:\/\/lanielprodamex.com\/fr\/#website\"},\"primaryImageOfPage\":{\"@id\":\"https:\/\/lanielprodamex.com\/fr\/listes-de-prix-2025\/#primaryimage\"},\"image\":{\"@id\":\"https:\/\/lanielprodamex.com\/fr\/listes-de-prix-2025\/#primaryimage\"},\"thumbnailUrl\":\"https:\/\/laniel.2point0media.com\/wp-content\/uploads\/2025\/05\/FRONT-MAIN-EN-796x1024-1.png\",\"datePublished\":\"2025-02-14T13:46:17+00:00\",\"dateModified\":\"2025-05-05T20:09:25+00:00\",\"breadcrumb\":{\"@id\":\"https:\/\/lanielprodamex.com\/fr\/listes-de-prix-2025\/#breadcrumb\"},\"inLanguage\":\"fr-CA\",\"potentialAction\":[{\"@type\":\"ReadAction\",\"target\":[\"https:\/\/lanielprodamex.com\/fr\/listes-de-prix-2025\/\"]}]},{\"@type\":\"ImageObject\",\"inLanguage\":\"fr-CA\",\"@id\":\"https:\/\/lanielprodamex.com\/fr\/listes-de-prix-2025\/#primaryimage\",\"url\":\"https:\/\/laniel.2point0media.com\/wp-content\/uploads\/2025\/05\/FRONT-MAIN-EN-796x1024-1.png\",\"contentUrl\":\"https:\/\/laniel.2point0media.com\/wp-content\/uploads\/2025\/05\/FRONT-MAIN-EN-796x1024-1.png\"},{\"@type\":\"BreadcrumbList\",\"@id\":\"https:\/\/lanielprodamex.com\/fr\/listes-de-prix-2025\/#breadcrumb\",\"itemListElement\":[{\"@type\":\"ListItem\",\"position\":1,\"name\":\"Home\",\"item\":\"https:\/\/lanielprodamex.com\/fr\/\"},{\"@type\":\"ListItem\",\"position\":2,\"name\":\"LISTES DE PRIX 2025\"}]},{\"@type\":\"WebSite\",\"@id\":\"https:\/\/lanielprodamex.com\/fr\/#website\",\"url\":\"https:\/\/lanielprodamex.com\/fr\/\",\"name\":\"Laniel\",\"description\":\"\",\"publisher\":{\"@id\":\"https:\/\/lanielprodamex.com\/fr\/#organization\"},\"potentialAction\":[{\"@type\":\"SearchAction\",\"target\":{\"@type\":\"EntryPoint\",\"urlTemplate\":\"https:\/\/lanielprodamex.com\/fr\/?s={search_term_string}\"},\"query-input\":{\"@type\":\"PropertyValueSpecification\",\"valueRequired\":true,\"valueName\":\"search_term_string\"}}],\"inLanguage\":\"fr-CA\"},{\"@type\":\"Organization\",\"@id\":\"https:\/\/lanielprodamex.com\/fr\/#organization\",\"name\":\"Laniel\",\"url\":\"https:\/\/lanielprodamex.com\/fr\/\",\"logo\":{\"@type\":\"ImageObject\",\"inLanguage\":\"fr-CA\",\"@id\":\"https:\/\/lanielprodamex.com\/fr\/#\/schema\/logo\/image\/\",\"url\":\"https:\/\/laniel.2point0media.com\/wp-content\/uploads\/2025\/02\/Laniel-black.webp\",\"contentUrl\":\"https:\/\/laniel.2point0media.com\/wp-content\/uploads\/2025\/02\/Laniel-black.webp\",\"width\":377,\"height\":141,\"caption\":\"Laniel\"},\"image\":{\"@id\":\"https:\/\/lanielprodamex.com\/fr\/#\/schema\/logo\/image\/\"}}]}<\/script>\n<!-- \/ Yoast SEO plugin. -->","yoast_head_json":{"title":"LISTES DE PRIX 2025 - Laniel","robots":{"index":"index","follow":"follow","max-snippet":"max-snippet:-1","max-image-preview":"max-image-preview:large","max-video-preview":"max-video-preview:-1"},"canonical":"https:\/\/lanielprodamex.com\/fr\/listes-de-prix-2025\/","og_locale":"fr_CA","og_type":"article","og_title":"LISTES DE PRIX 2025 - Laniel","og_description":"T\u00e9l\u00e9charger la liste de prix 2025 AM\u00c9NAGEMENT T\u00e9l\u00e9charger la liste de prix 2025 MA\u00c7ONNERIE T\u00e9l\u00e9charger la liste de prix 2024 PIERRE NATURELLE T\u00e9l\u00e9charger la liste de prix 2024 RINOX T\u00e9l\u00e9charger la liste de prix 2025 PERMACON T\u00e9l\u00e9charger la liste de prix 2025 TECHO-BLOC T\u00e9l\u00e9charger la liste de prix 2025 ECO-SUPPORT T\u00e9l\u00e9charger la liste de prix [&hellip;]","og_url":"https:\/\/lanielprodamex.com\/fr\/listes-de-prix-2025\/","og_site_name":"Laniel","article_modified_time":"2025-05-05T20:09:25+00:00","og_image":[{"url":"https:\/\/laniel.2point0media.com\/wp-content\/uploads\/2025\/05\/FRONT-MAIN-EN-796x1024-1.png","type":"","width":"","height":""}],"twitter_card":"summary_large_image","schema":{"@context":"https:\/\/schema.org","@graph":[{"@type":"WebPage","@id":"https:\/\/lanielprodamex.com\/fr\/listes-de-prix-2025\/","url":"https:\/\/lanielprodamex.com\/fr\/listes-de-prix-2025\/","name":"LISTES DE PRIX 2025 - Laniel","isPartOf":{"@id":"https:\/\/lanielprodamex.com\/fr\/#website"},"primaryImageOfPage":{"@id":"https:\/\/lanielprodamex.com\/fr\/listes-de-prix-2025\/#primaryimage"},"image":{"@id":"https:\/\/lanielprodamex.com\/fr\/listes-de-prix-2025\/#primaryimage"},"thumbnailUrl":"https:\/\/laniel.2point0media.com\/wp-content\/uploads\/2025\/05\/FRONT-MAIN-EN-796x1024-1.png","datePublished":"2025-02-14T13:46:17+00:00","dateModified":"2025-05-05T20:09:25+00:00","breadcrumb":{"@id":"https:\/\/lanielprodamex.com\/fr\/listes-de-prix-2025\/#breadcrumb"},"inLanguage":"fr-CA","potentialAction":[{"@type":"ReadAction","target":["https:\/\/lanielprodamex.com\/fr\/listes-de-prix-2025\/"]}]},{"@type":"ImageObject","inLanguage":"fr-CA","@id":"https:\/\/lanielprodamex.com\/fr\/listes-de-prix-2025\/#primaryimage","url":"https:\/\/laniel.2point0media.com\/wp-content\/uploads\/2025\/05\/FRONT-MAIN-EN-796x1024-1.png","contentUrl":"https:\/\/laniel.2point0media.com\/wp-content\/uploads\/2025\/05\/FRONT-MAIN-EN-796x1024-1.png"},{"@type":"BreadcrumbList","@id":"https:\/\/lanielprodamex.com\/fr\/listes-de-prix-2025\/#breadcrumb","itemListElement":[{"@type":"ListItem","position":1,"name":"Home","item":"https:\/\/lanielprodamex.com\/fr\/"},{"@type":"ListItem","position":2,"name":"LISTES DE PRIX 2025"}]},{"@type":"WebSite","@id":"https:\/\/lanielprodamex.com\/fr\/#website","url":"https:\/\/lanielprodamex.com\/fr\/","name":"Laniel","description":"","publisher":{"@id":"https:\/\/lanielprodamex.com\/fr\/#organization"},"potentialAction":[{"@type":"SearchAction","target":{"@type":"EntryPoint","urlTemplate":"https:\/\/lanielprodamex.com\/fr\/?s={search_term_string}"},"query-input":{"@type":"PropertyValueSpecification","valueRequired":true,"valueName":"search_term_string"}}],"inLanguage":"fr-CA"},{"@type":"Organization","@id":"https:\/\/lanielprodamex.com\/fr\/#organization","name":"Laniel","url":"https:\/\/lanielprodamex.com\/fr\/","logo":{"@type":"ImageObject","inLanguage":"fr-CA","@id":"https:\/\/lanielprodamex.com\/fr\/#\/schema\/logo\/image\/","url":"https:\/\/laniel.2point0media.com\/wp-content\/uploads\/2025\/02\/Laniel-black.webp","contentUrl":"https:\/\/laniel.2point0media.com\/wp-content\/uploads\/2025\/02\/Laniel-black.webp","width":377,"height":141,"caption":"Laniel"},"image":{"@id":"https:\/\/lanielprodamex.com\/fr\/#\/schema\/logo\/image\/"}}]}},"_links":{"self":[{"href":"https:\/\/lanielprodamex.com\/fr\/wp-json\/wp\/v2\/pages\/802","targetHints":{"allow":["GET"]}}],"collection":[{"href":"https:\/\/lanielprodamex.com\/fr\/wp-json\/wp\/v2\/pages"}],"about":[{"href":"https:\/\/lanielprodamex.com\/fr\/wp-json\/wp\/v2\/types\/page"}],"author":[{"embeddable":true,"href":"https:\/\/lanielprodamex.com\/fr\/wp-json\/wp\/v2\/users\/1"}],"replies":[{"embeddable":true,"href":"https:\/\/lanielprodamex.com\/fr\/wp-json\/wp\/v2\/comments?post=802"}],"version-history":[{"count":1,"href":"https:\/\/lanielprodamex.com\/fr\/wp-json\/wp\/v2\/pages\/802\/revisions"}],"predecessor-version":[{"id":803,"href":"https:\/\/lanielprodamex.com\/fr\/wp-json\/wp\/v2\/pages\/802\/revisions\/803"}],"wp:attachment":[{"href":"https:\/\/lanielprodamex.com\/fr\/wp-json\/wp\/v2\/media?parent=802"}],"curies":[{"name":"wp","href":"https:\/\/api.w.org\/{rel}","templated":true}]}}