{"id":838,"date":"2025-05-05T16:24:31","date_gmt":"2025-05-05T20:24:31","guid":{"rendered":"https:\/\/laniel.2point0media.com\/politique-de-confidentialite\/"},"modified":"2025-05-05T16:28:02","modified_gmt":"2025-05-05T20:28:02","slug":"politique-de-confidentialite","status":"publish","type":"page","link":"https:\/\/lanielprodamex.com\/fr\/politique-de-confidentialite\/","title":{"rendered":"Politique de confidentialit\u00e9"},"content":{"rendered":"\t\t<div data-elementor-type=\"wp-page\" data-elementor-id=\"838\" class=\"elementor elementor-838 elementor-832\" data-elementor-post-type=\"page\">\n\t\t\t\t<div class=\"elementor-element elementor-element-b453533 e-flex e-con-boxed e-con e-parent\" data-id=\"b453533\" data-element_type=\"container\">\n\t\t\t\t\t<div class=\"e-con-inner\">\n\t\t\t\t<div class=\"elementor-element elementor-element-4270b75 elementor-widget elementor-widget-heading\" data-id=\"4270b75\" data-element_type=\"widget\" data-widget_type=\"heading.default\">\n\t\t\t\t<div class=\"elementor-widget-container\">\n\t\t\t\t\t<h2 class=\"elementor-heading-title elementor-size-default\">Politique de confidentialit\u00e9<\/h2>\t\t\t\t<\/div>\n\t\t\t\t<\/div>\n\t\t\t\t<div class=\"elementor-element elementor-element-8b35ba0 elementor-widget elementor-widget-text-editor\" data-id=\"8b35ba0\" data-element_type=\"widget\" data-widget_type=\"text-editor.default\">\n\t\t\t\t<div class=\"elementor-widget-container\">\n\t\t\t\t\t\t\t\t\t<p>La pr\u00e9sente politique vise \u00e0 assurer la protection des renseignements personnels et \u00e0 encadrer la mani\u00e8re que Laniel Prodamex, les utilise, les communique, les conserve et les d\u00e9truit. De plus, elle vise \u00e0 informer toute personne int\u00e9ress\u00e9e sur la mani\u00e8re dont Laniel Prodamex traite leurs renseignements personnels.<\/p><p>Dans le cadre de ses activit\u00e9s, Laniel Prodamex peut collecter diff\u00e9rents types de renseignements, et ce, \u00e0 diff\u00e9rentes fins. Les types de renseignement que l\u2019on pourrait collecter, leur utilisation ainsi que les moyens par lesquels les renseignements sont recueillis et\/ou conserv\u00e9s sont indiqu\u00e9s \u00e0 le document \u2018\u2019 \u00c9valuation des Facteurs relatifs \u00e0 la Vie Priv\u00e9e (\u00c9FVP)\u2019\u2019.<\/p><p>Laniel Prodamex informera \u00e9galement les personnes concern\u00e9es, au moment de la collecte de renseignements personnels, de tout autre renseignement recueilli, des fins pour lesquelles ils sont collect\u00e9s et les moyens de la collecte, en plus des autres informations \u00e0 fournir tel que requis par la loi.<\/p><p>De fa\u00e7on g\u00e9n\u00e9rale, Laniel Prodamex collecte les renseignements personnels directement aupr\u00e8s de la personne concern\u00e9e et avec son consentement.<\/p><p><strong>Informations suppl\u00e9mentaires sur les technologies utilis\u00e9es :<\/strong><br \/>Laniel Prodamex ne recueille pas de renseignements personnels dans son site web sauf ceux fournis de plein gr\u00e9 par son utilisateur par l\u2019utilisation de formulaire sur notre site web.<\/p><p><strong>Conservation et destruction des renseignements personnels<\/strong><br \/>Sauf si une dur\u00e9e minimale de conservation est requise par la loi ou la r\u00e9glementation applicable, Laniel Prodamex ne conservera les renseignements personnels que pour la dur\u00e9e n\u00e9cessaire \u00e0 la r\u00e9alisation des fins pour lesquelles ils ont \u00e9t\u00e9 collect\u00e9s.<\/p><p>\u00c0 la fin de la dur\u00e9e de conservation ou lorsque les renseignements personnels ne sont plus n\u00e9cessaires, Laniel Prodamex s\u2019assurera de les d\u00e9truire. La destruction de renseignements par Laniel Prodamex doit \u00eatre faite de fa\u00e7on s\u00e9curitaire, afin d\u2019assurer la protection de ces renseignements.<\/p><p>La pr\u00e9sente politique est publi\u00e9e sur le site internet. Cette politique est \u00e9galement diffus\u00e9e par tout moyen propre \u00e0 atteindre les personnes concern\u00e9es.<\/p><p>Laniel Prodamex doit \u00e9galement faire de m\u00eame pour toutes les modifications \u00e0 la pr\u00e9sente politique, lesquelles devront \u00e9galement faire l\u2019objet d\u2019un avis pour en informer les personnes concern\u00e9es.<br \/>Le responsable de la protection des renseignements personnels, Madame Dani\u00e8le Dugas peut \u00eatre rejoins par t\u00e9l\u00e9phone au\u00a0<a href=\"http:\/\/5146263023\/\" data-wplink-url-error=\"true\">514-626-3023<\/a>\u00a0ou par courriel \u00e0\u00a0<a href=\"mailto:ddugas@lanielprodamex.com\">ddugas@lanielprodamex.com<\/a>\u00a0ou par la poste au 15725 boul. Pierrefonds, Pierrefonds, Qu\u00e9bec, H9H 3X6.<\/p><p>Si vous avez des questions ou commentaires, n\u2019h\u00e9sitez pas \u00e0 nous contacter.<\/p>\t\t\t\t\t\t\t\t<\/div>\n\t\t\t\t<\/div>\n\t\t\t\t\t<\/div>\n\t\t\t\t<\/div>\n\t\t\t\t<\/div>\n\t\t","protected":false},"excerpt":{"rendered":"<p>Politique de confidentialit\u00e9 La pr\u00e9sente politique vise \u00e0 assurer la protection des renseignements personnels et \u00e0 encadrer la mani\u00e8re que Laniel Prodamex, les utilise, les communique, les conserve et les d\u00e9truit. De plus, elle vise \u00e0 informer toute personne int\u00e9ress\u00e9e sur la mani\u00e8re dont Laniel Prodamex traite leurs renseignements personnels. Dans le cadre de ses [&hellip;]<\/p>\n","protected":false},"author":1,"featured_media":0,"parent":0,"menu_order":0,"comment_status":"closed","ping_status":"closed","template":"","meta":{"footnotes":""},"class_list":["post-838","page","type-page","status-publish","hentry"],"yoast_head":"<!-- This site is optimized with the Yoast SEO plugin v25.0 - https:\/\/yoast.com\/wordpress\/plugins\/seo\/ -->\n<title>Politique de confidentialit\u00e9 - Laniel<\/title>\n<meta name=\"robots\" content=\"index, follow, max-snippet:-1, max-image-preview:large, max-video-preview:-1\" \/>\n<link rel=\"canonical\" href=\"https:\/\/lanielprodamex.com\/fr\/politique-de-confidentialite\/\" \/>\n<meta property=\"og:locale\" content=\"fr_CA\" \/>\n<meta property=\"og:type\" content=\"article\" \/>\n<meta property=\"og:title\" content=\"Politique de confidentialit\u00e9 - Laniel\" \/>\n<meta property=\"og:description\" content=\"Politique de confidentialit\u00e9 La pr\u00e9sente politique vise \u00e0 assurer la protection des renseignements personnels et \u00e0 encadrer la mani\u00e8re que Laniel Prodamex, les utilise, les communique, les conserve et les d\u00e9truit. De plus, elle vise \u00e0 informer toute personne int\u00e9ress\u00e9e sur la mani\u00e8re dont Laniel Prodamex traite leurs renseignements personnels. Dans le cadre de ses [&hellip;]\" \/>\n<meta property=\"og:url\" content=\"https:\/\/lanielprodamex.com\/fr\/politique-de-confidentialite\/\" \/>\n<meta property=\"og:site_name\" content=\"Laniel\" \/>\n<meta property=\"article:modified_time\" content=\"2025-05-05T20:28:02+00:00\" \/>\n<meta name=\"twitter:card\" content=\"summary_large_image\" \/>\n<meta name=\"twitter:label1\" content=\"Estimation du temps de lecture\" \/>\n\t<meta name=\"twitter:data1\" content=\"2 minutes\" \/>\n<script type=\"application\/ld+json\" class=\"yoast-schema-graph\">{\"@context\":\"https:\/\/schema.org\",\"@graph\":[{\"@type\":\"WebPage\",\"@id\":\"https:\/\/lanielprodamex.com\/fr\/politique-de-confidentialite\/\",\"url\":\"https:\/\/lanielprodamex.com\/fr\/politique-de-confidentialite\/\",\"name\":\"Politique de confidentialit\u00e9 - Laniel\",\"isPartOf\":{\"@id\":\"https:\/\/lanielprodamex.com\/fr\/#website\"},\"datePublished\":\"2025-05-05T20:24:31+00:00\",\"dateModified\":\"2025-05-05T20:28:02+00:00\",\"breadcrumb\":{\"@id\":\"https:\/\/lanielprodamex.com\/fr\/politique-de-confidentialite\/#breadcrumb\"},\"inLanguage\":\"fr-CA\",\"potentialAction\":[{\"@type\":\"ReadAction\",\"target\":[\"https:\/\/lanielprodamex.com\/fr\/politique-de-confidentialite\/\"]}]},{\"@type\":\"BreadcrumbList\",\"@id\":\"https:\/\/lanielprodamex.com\/fr\/politique-de-confidentialite\/#breadcrumb\",\"itemListElement\":[{\"@type\":\"ListItem\",\"position\":1,\"name\":\"Home\",\"item\":\"https:\/\/lanielprodamex.com\/fr\/\"},{\"@type\":\"ListItem\",\"position\":2,\"name\":\"Politique de confidentialit\u00e9\"}]},{\"@type\":\"WebSite\",\"@id\":\"https:\/\/lanielprodamex.com\/fr\/#website\",\"url\":\"https:\/\/lanielprodamex.com\/fr\/\",\"name\":\"Laniel\",\"description\":\"\",\"publisher\":{\"@id\":\"https:\/\/lanielprodamex.com\/fr\/#organization\"},\"potentialAction\":[{\"@type\":\"SearchAction\",\"target\":{\"@type\":\"EntryPoint\",\"urlTemplate\":\"https:\/\/lanielprodamex.com\/fr\/?s={search_term_string}\"},\"query-input\":{\"@type\":\"PropertyValueSpecification\",\"valueRequired\":true,\"valueName\":\"search_term_string\"}}],\"inLanguage\":\"fr-CA\"},{\"@type\":\"Organization\",\"@id\":\"https:\/\/lanielprodamex.com\/fr\/#organization\",\"name\":\"Laniel\",\"url\":\"https:\/\/lanielprodamex.com\/fr\/\",\"logo\":{\"@type\":\"ImageObject\",\"inLanguage\":\"fr-CA\",\"@id\":\"https:\/\/lanielprodamex.com\/fr\/#\/schema\/logo\/image\/\",\"url\":\"https:\/\/laniel.2point0media.com\/wp-content\/uploads\/2025\/02\/Laniel-black.webp\",\"contentUrl\":\"https:\/\/laniel.2point0media.com\/wp-content\/uploads\/2025\/02\/Laniel-black.webp\",\"width\":377,\"height\":141,\"caption\":\"Laniel\"},\"image\":{\"@id\":\"https:\/\/lanielprodamex.com\/fr\/#\/schema\/logo\/image\/\"}}]}<\/script>\n<!-- \/ Yoast SEO plugin. -->","yoast_head_json":{"title":"Politique de confidentialit\u00e9 - Laniel","robots":{"index":"index","follow":"follow","max-snippet":"max-snippet:-1","max-image-preview":"max-image-preview:large","max-video-preview":"max-video-preview:-1"},"canonical":"https:\/\/lanielprodamex.com\/fr\/politique-de-confidentialite\/","og_locale":"fr_CA","og_type":"article","og_title":"Politique de confidentialit\u00e9 - Laniel","og_description":"Politique de confidentialit\u00e9 La pr\u00e9sente politique vise \u00e0 assurer la protection des renseignements personnels et \u00e0 encadrer la mani\u00e8re que Laniel Prodamex, les utilise, les communique, les conserve et les d\u00e9truit. De plus, elle vise \u00e0 informer toute personne int\u00e9ress\u00e9e sur la mani\u00e8re dont Laniel Prodamex traite leurs renseignements personnels. Dans le cadre de ses [&hellip;]","og_url":"https:\/\/lanielprodamex.com\/fr\/politique-de-confidentialite\/","og_site_name":"Laniel","article_modified_time":"2025-05-05T20:28:02+00:00","twitter_card":"summary_large_image","twitter_misc":{"Estimation du temps de lecture":"2 minutes"},"schema":{"@context":"https:\/\/schema.org","@graph":[{"@type":"WebPage","@id":"https:\/\/lanielprodamex.com\/fr\/politique-de-confidentialite\/","url":"https:\/\/lanielprodamex.com\/fr\/politique-de-confidentialite\/","name":"Politique de confidentialit\u00e9 - Laniel","isPartOf":{"@id":"https:\/\/lanielprodamex.com\/fr\/#website"},"datePublished":"2025-05-05T20:24:31+00:00","dateModified":"2025-05-05T20:28:02+00:00","breadcrumb":{"@id":"https:\/\/lanielprodamex.com\/fr\/politique-de-confidentialite\/#breadcrumb"},"inLanguage":"fr-CA","potentialAction":[{"@type":"ReadAction","target":["https:\/\/lanielprodamex.com\/fr\/politique-de-confidentialite\/"]}]},{"@type":"BreadcrumbList","@id":"https:\/\/lanielprodamex.com\/fr\/politique-de-confidentialite\/#breadcrumb","itemListElement":[{"@type":"ListItem","position":1,"name":"Home","item":"https:\/\/lanielprodamex.com\/fr\/"},{"@type":"ListItem","position":2,"name":"Politique de confidentialit\u00e9"}]},{"@type":"WebSite","@id":"https:\/\/lanielprodamex.com\/fr\/#website","url":"https:\/\/lanielprodamex.com\/fr\/","name":"Laniel","description":"","publisher":{"@id":"https:\/\/lanielprodamex.com\/fr\/#organization"},"potentialAction":[{"@type":"SearchAction","target":{"@type":"EntryPoint","urlTemplate":"https:\/\/lanielprodamex.com\/fr\/?s={search_term_string}"},"query-input":{"@type":"PropertyValueSpecification","valueRequired":true,"valueName":"search_term_string"}}],"inLanguage":"fr-CA"},{"@type":"Organization","@id":"https:\/\/lanielprodamex.com\/fr\/#organization","name":"Laniel","url":"https:\/\/lanielprodamex.com\/fr\/","logo":{"@type":"ImageObject","inLanguage":"fr-CA","@id":"https:\/\/lanielprodamex.com\/fr\/#\/schema\/logo\/image\/","url":"https:\/\/laniel.2point0media.com\/wp-content\/uploads\/2025\/02\/Laniel-black.webp","contentUrl":"https:\/\/laniel.2point0media.com\/wp-content\/uploads\/2025\/02\/Laniel-black.webp","width":377,"height":141,"caption":"Laniel"},"image":{"@id":"https:\/\/lanielprodamex.com\/fr\/#\/schema\/logo\/image\/"}}]}},"_links":{"self":[{"href":"https:\/\/lanielprodamex.com\/fr\/wp-json\/wp\/v2\/pages\/838","targetHints":{"allow":["GET"]}}],"collection":[{"href":"https:\/\/lanielprodamex.com\/fr\/wp-json\/wp\/v2\/pages"}],"about":[{"href":"https:\/\/lanielprodamex.com\/fr\/wp-json\/wp\/v2\/types\/page"}],"author":[{"embeddable":true,"href":"https:\/\/lanielprodamex.com\/fr\/wp-json\/wp\/v2\/users\/1"}],"replies":[{"embeddable":true,"href":"https:\/\/lanielprodamex.com\/fr\/wp-json\/wp\/v2\/comments?post=838"}],"version-history":[{"count":4,"href":"https:\/\/lanielprodamex.com\/fr\/wp-json\/wp\/v2\/pages\/838\/revisions"}],"predecessor-version":[{"id":845,"href":"https:\/\/lanielprodamex.com\/fr\/wp-json\/wp\/v2\/pages\/838\/revisions\/845"}],"wp:attachment":[{"href":"https:\/\/lanielprodamex.com\/fr\/wp-json\/wp\/v2\/media?parent=838"}],"curies":[{"name":"wp","href":"https:\/\/api.w.org\/{rel}","templated":true}]}}