{"id":933,"date":"2026-03-10T11:36:52","date_gmt":"2026-03-10T15:36:52","guid":{"rendered":"https:\/\/lanielprodamex.com\/brucy\/"},"modified":"2026-03-10T12:37:49","modified_gmt":"2026-03-10T16:37:49","slug":"brucy","status":"publish","type":"page","link":"https:\/\/lanielprodamex.com\/fr\/brucy\/","title":{"rendered":"Brucy"},"content":{"rendered":"\t\t<div data-elementor-type=\"wp-page\" data-elementor-id=\"933\" class=\"elementor elementor-933 elementor-917\" data-elementor-post-type=\"page\">\n\t\t\t\t<div class=\"elementor-element elementor-element-7a912d9 e-flex e-con-boxed e-con e-parent\" data-id=\"7a912d9\" data-element_type=\"container\" data-settings=\"{&quot;background_background&quot;:&quot;classic&quot;}\">\n\t\t\t\t\t<div class=\"e-con-inner\">\n\t\t<div class=\"elementor-element elementor-element-5f0680c e-con-full e-flex e-con e-child\" data-id=\"5f0680c\" data-element_type=\"container\">\n\t\t\t\t<div class=\"elementor-element elementor-element-0db9aa5 elementor-widget elementor-widget-image\" data-id=\"0db9aa5\" data-element_type=\"widget\" data-widget_type=\"image.default\">\n\t\t\t\t<div class=\"elementor-widget-container\">\n\t\t\t\t\t\t\t\t\t\t\t\t\t\t\t<img fetchpriority=\"high\" decoding=\"async\" width=\"800\" height=\"253\" src=\"https:\/\/lanielprodamex.com\/wp-content\/uploads\/2026\/03\/BRUCY-LOGO-MAIN-BLACK-BLUE-scaled-1-1024x324.png\" class=\"attachment-large size-large wp-image-913\" alt=\"\" srcset=\"https:\/\/lanielprodamex.com\/wp-content\/uploads\/2026\/03\/BRUCY-LOGO-MAIN-BLACK-BLUE-scaled-1-1024x324.png 1024w, https:\/\/lanielprodamex.com\/wp-content\/uploads\/2026\/03\/BRUCY-LOGO-MAIN-BLACK-BLUE-scaled-1-300x95.png 300w, https:\/\/lanielprodamex.com\/wp-content\/uploads\/2026\/03\/BRUCY-LOGO-MAIN-BLACK-BLUE-scaled-1-768x243.png 768w, https:\/\/lanielprodamex.com\/wp-content\/uploads\/2026\/03\/BRUCY-LOGO-MAIN-BLACK-BLUE-scaled-1-1536x486.png 1536w, https:\/\/lanielprodamex.com\/wp-content\/uploads\/2026\/03\/BRUCY-LOGO-MAIN-BLACK-BLUE-scaled-1-2048x648.png 2048w\" sizes=\"(max-width: 800px) 100vw, 800px\" \/>\t\t\t\t\t\t\t\t\t\t\t\t\t\t\t<\/div>\n\t\t\t\t<\/div>\n\t\t\t\t<div class=\"elementor-element elementor-element-fbfb069 elementor-widget elementor-widget-heading\" data-id=\"fbfb069\" data-element_type=\"widget\" data-widget_type=\"heading.default\">\n\t\t\t\t<div class=\"elementor-widget-container\">\n\t\t\t\t\t<h2 class=\"elementor-heading-title elementor-size-default\">Ouverture en avril<\/h2>\t\t\t\t<\/div>\n\t\t\t\t<\/div>\n\t\t\t\t<div class=\"elementor-element elementor-element-c92fd33 elementor-widget elementor-widget-heading\" data-id=\"c92fd33\" data-element_type=\"widget\" data-widget_type=\"heading.default\">\n\t\t\t\t<div class=\"elementor-widget-container\">\n\t\t\t\t\t<h2 class=\"elementor-heading-title elementor-size-default\">Contactez-nous<\/h2>\t\t\t\t<\/div>\n\t\t\t\t<\/div>\n\t\t\t\t<div class=\"elementor-element elementor-element-3b3b72f elementor-widget elementor-widget-heading\" data-id=\"3b3b72f\" data-element_type=\"widget\" data-widget_type=\"heading.default\">\n\t\t\t\t<div class=\"elementor-widget-container\">\n\t\t\t\t\t<p class=\"elementor-heading-title elementor-size-default\">1300 Mnt L\u00e9ger, Les C\u00e8dres, QC J7T 1E9<\/p>\t\t\t\t<\/div>\n\t\t\t\t<\/div>\n\t\t<div class=\"elementor-element elementor-element-99ad644 e-con-full e-flex e-con e-child\" data-id=\"99ad644\" data-element_type=\"container\">\n\t\t\t\t<div class=\"elementor-element elementor-element-66304ae elementor-align-right elementor-widget elementor-widget-button\" data-id=\"66304ae\" data-element_type=\"widget\" data-widget_type=\"button.default\">\n\t\t\t\t<div class=\"elementor-widget-container\">\n\t\t\t\t\t\t\t\t\t<div class=\"elementor-button-wrapper\">\n\t\t\t\t\t<a class=\"elementor-button elementor-button-link elementor-size-sm\" href=\"mailto:shop@prodamex.ca\" target=\"_blank\">\n\t\t\t\t\t\t<span class=\"elementor-button-content-wrapper\">\n\t\t\t\t\t\t<span class=\"elementor-button-icon\">\n\t\t\t\t<svg aria-hidden=\"true\" class=\"e-font-icon-svg e-fas-arrow-alt-circle-down\" viewBox=\"0 0 512 512\" xmlns=\"http:\/\/www.w3.org\/2000\/svg\"><path d=\"M504 256c0 137-111 248-248 248S8 393 8 256 119 8 256 8s248 111 248 248zM212 140v116h-70.9c-10.7 0-16.1 13-8.5 20.5l114.9 114.3c4.7 4.7 12.2 4.7 16.9 0l114.9-114.3c7.6-7.6 2.2-20.5-8.5-20.5H300V140c0-6.6-5.4-12-12-12h-64c-6.6 0-12 5.4-12 12z\"><\/path><\/svg>\t\t\t<\/span>\n\t\t\t\t\t\t\t\t\t<span class=\"elementor-button-text\">Courriel<\/span>\n\t\t\t\t\t<\/span>\n\t\t\t\t\t<\/a>\n\t\t\t\t<\/div>\n\t\t\t\t\t\t\t\t<\/div>\n\t\t\t\t<\/div>\n\t\t\t\t<div class=\"elementor-element elementor-element-0d4a2f7 elementor-align-right elementor-widget elementor-widget-button\" data-id=\"0d4a2f7\" data-element_type=\"widget\" data-widget_type=\"button.default\">\n\t\t\t\t<div class=\"elementor-widget-container\">\n\t\t\t\t\t\t\t\t\t<div class=\"elementor-button-wrapper\">\n\t\t\t\t\t<a class=\"elementor-button elementor-button-link elementor-size-sm\" href=\"tel:4504524044\" target=\"_blank\">\n\t\t\t\t\t\t<span class=\"elementor-button-content-wrapper\">\n\t\t\t\t\t\t<span class=\"elementor-button-icon\">\n\t\t\t\t<svg aria-hidden=\"true\" class=\"e-font-icon-svg e-fas-arrow-alt-circle-right\" viewBox=\"0 0 512 512\" xmlns=\"http:\/\/www.w3.org\/2000\/svg\"><path d=\"M256 8c137 0 248 111 248 248S393 504 256 504 8 393 8 256 119 8 256 8zM140 300h116v70.9c0 10.7 13 16.1 20.5 8.5l114.3-114.9c4.7-4.7 4.7-12.2 0-16.9l-114.3-115c-7.6-7.6-20.5-2.2-20.5 8.5V212H140c-6.6 0-12 5.4-12 12v64c0 6.6 5.4 12 12 12z\"><\/path><\/svg>\t\t\t<\/span>\n\t\t\t\t\t\t\t\t\t<span class=\"elementor-button-text\">450 452-4044<\/span>\n\t\t\t\t\t<\/span>\n\t\t\t\t\t<\/a>\n\t\t\t\t<\/div>\n\t\t\t\t\t\t\t\t<\/div>\n\t\t\t\t<\/div>\n\t\t\t\t<\/div>\n\t\t\t\t<\/div>\n\t\t\t\t\t<\/div>\n\t\t\t\t<\/div>\n\t\t<div class=\"elementor-element elementor-element-f62a264 e-flex e-con-boxed e-con e-parent\" data-id=\"f62a264\" data-element_type=\"container\">\n\t\t\t\t\t<div class=\"e-con-inner\">\n\t\t\t\t<div class=\"elementor-element elementor-element-f7716df elementor-widget elementor-widget-heading\" data-id=\"f7716df\" data-element_type=\"widget\" data-widget_type=\"heading.default\">\n\t\t\t\t<div class=\"elementor-widget-container\">\n\t\t\t\t\t<h2 class=\"elementor-heading-title elementor-size-default\">HEURES D'OUVERTURE<\/h2>\t\t\t\t<\/div>\n\t\t\t\t<\/div>\n\t\t<div class=\"elementor-element elementor-element-33c7296 e-con-full e-grid e-con e-child\" data-id=\"33c7296\" data-element_type=\"container\" data-settings=\"{&quot;background_background&quot;:&quot;classic&quot;}\">\n\t\t\t\t<div class=\"elementor-element elementor-element-75ed129 elementor-widget elementor-widget-heading\" data-id=\"75ed129\" data-element_type=\"widget\" data-widget_type=\"heading.default\">\n\t\t\t\t<div class=\"elementor-widget-container\">\n\t\t\t\t\t<h2 class=\"elementor-heading-title elementor-size-default\">Lundi<\/h2>\t\t\t\t<\/div>\n\t\t\t\t<\/div>\n\t\t\t\t<div class=\"elementor-element elementor-element-517e0c1 elementor-widget elementor-widget-heading\" data-id=\"517e0c1\" data-element_type=\"widget\" data-widget_type=\"heading.default\">\n\t\t\t\t<div class=\"elementor-widget-container\">\n\t\t\t\t\t<h2 class=\"elementor-heading-title elementor-size-default\">Ferm\u00e9<\/h2>\t\t\t\t<\/div>\n\t\t\t\t<\/div>\n\t\t\t\t<\/div>\n\t\t<div class=\"elementor-element elementor-element-ef830ed e-con-full e-grid e-con e-child\" data-id=\"ef830ed\" data-element_type=\"container\" data-settings=\"{&quot;background_background&quot;:&quot;classic&quot;}\">\n\t\t\t\t<div class=\"elementor-element elementor-element-50f2a89 elementor-widget elementor-widget-heading\" data-id=\"50f2a89\" data-element_type=\"widget\" data-widget_type=\"heading.default\">\n\t\t\t\t<div class=\"elementor-widget-container\">\n\t\t\t\t\t<h2 class=\"elementor-heading-title elementor-size-default\">Mardi<\/h2>\t\t\t\t<\/div>\n\t\t\t\t<\/div>\n\t\t\t\t<div class=\"elementor-element elementor-element-de99ceb elementor-widget elementor-widget-heading\" data-id=\"de99ceb\" data-element_type=\"widget\" data-widget_type=\"heading.default\">\n\t\t\t\t<div class=\"elementor-widget-container\">\n\t\t\t\t\t<h2 class=\"elementor-heading-title elementor-size-default\">Ferm\u00e9<\/h2>\t\t\t\t<\/div>\n\t\t\t\t<\/div>\n\t\t\t\t<\/div>\n\t\t<div class=\"elementor-element elementor-element-4690648 e-con-full e-grid e-con e-child\" data-id=\"4690648\" data-element_type=\"container\" data-settings=\"{&quot;background_background&quot;:&quot;classic&quot;}\">\n\t\t\t\t<div class=\"elementor-element elementor-element-9bf3507 elementor-widget elementor-widget-heading\" data-id=\"9bf3507\" data-element_type=\"widget\" data-widget_type=\"heading.default\">\n\t\t\t\t<div class=\"elementor-widget-container\">\n\t\t\t\t\t<h2 class=\"elementor-heading-title elementor-size-default\">Mercredi<\/h2>\t\t\t\t<\/div>\n\t\t\t\t<\/div>\n\t\t\t\t<div class=\"elementor-element elementor-element-8bbc451 elementor-widget elementor-widget-heading\" data-id=\"8bbc451\" data-element_type=\"widget\" data-widget_type=\"heading.default\">\n\t\t\t\t<div class=\"elementor-widget-container\">\n\t\t\t\t\t<h2 class=\"elementor-heading-title elementor-size-default\">Ferm\u00e9<\/h2>\t\t\t\t<\/div>\n\t\t\t\t<\/div>\n\t\t\t\t<\/div>\n\t\t<div class=\"elementor-element elementor-element-0e06e7c e-con-full e-grid e-con e-child\" data-id=\"0e06e7c\" data-element_type=\"container\" data-settings=\"{&quot;background_background&quot;:&quot;classic&quot;}\">\n\t\t\t\t<div class=\"elementor-element elementor-element-914fc82 elementor-widget elementor-widget-heading\" data-id=\"914fc82\" data-element_type=\"widget\" data-widget_type=\"heading.default\">\n\t\t\t\t<div class=\"elementor-widget-container\">\n\t\t\t\t\t<h2 class=\"elementor-heading-title elementor-size-default\">Jeudi<\/h2>\t\t\t\t<\/div>\n\t\t\t\t<\/div>\n\t\t\t\t<div class=\"elementor-element elementor-element-1589031 elementor-widget elementor-widget-heading\" data-id=\"1589031\" data-element_type=\"widget\" data-widget_type=\"heading.default\">\n\t\t\t\t<div class=\"elementor-widget-container\">\n\t\t\t\t\t<h2 class=\"elementor-heading-title elementor-size-default\">Ferm\u00e9<\/h2>\t\t\t\t<\/div>\n\t\t\t\t<\/div>\n\t\t\t\t<\/div>\n\t\t<div class=\"elementor-element elementor-element-acf5efd e-con-full e-grid e-con e-child\" data-id=\"acf5efd\" data-element_type=\"container\" data-settings=\"{&quot;background_background&quot;:&quot;classic&quot;}\">\n\t\t\t\t<div class=\"elementor-element elementor-element-1b1bf4f elementor-widget elementor-widget-heading\" data-id=\"1b1bf4f\" data-element_type=\"widget\" data-widget_type=\"heading.default\">\n\t\t\t\t<div class=\"elementor-widget-container\">\n\t\t\t\t\t<h2 class=\"elementor-heading-title elementor-size-default\">Vendredi<\/h2>\t\t\t\t<\/div>\n\t\t\t\t<\/div>\n\t\t\t\t<div class=\"elementor-element elementor-element-5ed4dca elementor-widget elementor-widget-heading\" data-id=\"5ed4dca\" data-element_type=\"widget\" data-widget_type=\"heading.default\">\n\t\t\t\t<div class=\"elementor-widget-container\">\n\t\t\t\t\t<h2 class=\"elementor-heading-title elementor-size-default\">Ferm\u00e9<\/h2>\t\t\t\t<\/div>\n\t\t\t\t<\/div>\n\t\t\t\t<\/div>\n\t\t<div class=\"elementor-element elementor-element-164f036 e-con-full e-grid e-con e-child\" data-id=\"164f036\" data-element_type=\"container\" data-settings=\"{&quot;background_background&quot;:&quot;classic&quot;}\">\n\t\t\t\t<div class=\"elementor-element elementor-element-07969f1 elementor-widget elementor-widget-heading\" data-id=\"07969f1\" data-element_type=\"widget\" data-widget_type=\"heading.default\">\n\t\t\t\t<div class=\"elementor-widget-container\">\n\t\t\t\t\t<h2 class=\"elementor-heading-title elementor-size-default\">Samedi<\/h2>\t\t\t\t<\/div>\n\t\t\t\t<\/div>\n\t\t\t\t<div class=\"elementor-element elementor-element-ce05822 elementor-widget elementor-widget-heading\" data-id=\"ce05822\" data-element_type=\"widget\" data-widget_type=\"heading.default\">\n\t\t\t\t<div class=\"elementor-widget-container\">\n\t\t\t\t\t<h2 class=\"elementor-heading-title elementor-size-default\">Ferm\u00e9<\/h2>\t\t\t\t<\/div>\n\t\t\t\t<\/div>\n\t\t\t\t<\/div>\n\t\t<div class=\"elementor-element elementor-element-85cd2b8 e-con-full e-grid e-con e-child\" data-id=\"85cd2b8\" data-element_type=\"container\" data-settings=\"{&quot;background_background&quot;:&quot;classic&quot;}\">\n\t\t\t\t<div class=\"elementor-element elementor-element-5b8f8d5 elementor-widget elementor-widget-heading\" data-id=\"5b8f8d5\" data-element_type=\"widget\" data-widget_type=\"heading.default\">\n\t\t\t\t<div class=\"elementor-widget-container\">\n\t\t\t\t\t<h2 class=\"elementor-heading-title elementor-size-default\">Dimanche<\/h2>\t\t\t\t<\/div>\n\t\t\t\t<\/div>\n\t\t\t\t<div class=\"elementor-element elementor-element-0c83ac9 elementor-widget elementor-widget-heading\" data-id=\"0c83ac9\" data-element_type=\"widget\" data-widget_type=\"heading.default\">\n\t\t\t\t<div class=\"elementor-widget-container\">\n\t\t\t\t\t<h2 class=\"elementor-heading-title elementor-size-default\">Ferm\u00e9<\/h2>\t\t\t\t<\/div>\n\t\t\t\t<\/div>\n\t\t\t\t<\/div>\n\t\t\t\t<div class=\"elementor-element elementor-element-24cef10 elementor-widget elementor-widget-heading\" data-id=\"24cef10\" data-element_type=\"widget\" data-widget_type=\"heading.default\">\n\t\t\t\t<div class=\"elementor-widget-container\">\n\t\t\t\t\t<p class=\"elementor-heading-title elementor-size-default\">* 24 Juin : Cong\u00e9 de la St-Jean Baptiste : Ferm\u00e9 * 29 Juin : F\u00eate du Canada : Ferm\u00e9<\/p>\t\t\t\t<\/div>\n\t\t\t\t<\/div>\n\t\t\t\t<div class=\"elementor-element elementor-element-4e0ffd7 elementor-widget elementor-widget-google_maps\" data-id=\"4e0ffd7\" data-element_type=\"widget\" data-widget_type=\"google_maps.default\">\n\t\t\t\t<div class=\"elementor-widget-container\">\n\t\t\t\t\t\t\t<div class=\"elementor-custom-embed\">\n\t\t\t<iframe loading=\"lazy\"\n\t\t\t\t\tsrc=\"https:\/\/maps.google.com\/maps?q=1300%20Mnt%20L%C3%A9ger%2C%20Les%20C%C3%A8dres%2C%20QC%20J7T%201E9&#038;t=m&#038;z=12&#038;output=embed&#038;iwloc=near\"\n\t\t\t\t\ttitle=\"1300 Mnt L\u00e9ger, Les C\u00e8dres, QC J7T 1E9\"\n\t\t\t\t\taria-label=\"1300 Mnt L\u00e9ger, Les C\u00e8dres, QC J7T 1E9\"\n\t\t\t><\/iframe>\n\t\t<\/div>\n\t\t\t\t\t\t<\/div>\n\t\t\t\t<\/div>\n\t\t\t\t\t<\/div>\n\t\t\t\t<\/div>\n\t\t\t\t<\/div>\n\t\t","protected":false},"excerpt":{"rendered":"<p>Ouverture en avril Contactez-nous 1300 Mnt L\u00e9ger, Les C\u00e8dres, QC J7T 1E9 Courriel 450 452-4044 HEURES D&rsquo;OUVERTURE Lundi Ferm\u00e9 Mardi Ferm\u00e9 Mercredi Ferm\u00e9 Jeudi Ferm\u00e9 Vendredi Ferm\u00e9 Samedi Ferm\u00e9 Dimanche Ferm\u00e9 * 24 Juin : Cong\u00e9 de la St-Jean Baptiste : Ferm\u00e9 * 29 Juin : F\u00eate du Canada : Ferm\u00e9<\/p>\n","protected":false},"author":3,"featured_media":0,"parent":0,"menu_order":0,"comment_status":"closed","ping_status":"closed","template":"elementor_header_footer","meta":{"footnotes":""},"class_list":["post-933","page","type-page","status-publish","hentry"],"yoast_head":"<!-- This site is optimized with the Yoast SEO plugin v25.0 - https:\/\/yoast.com\/wordpress\/plugins\/seo\/ -->\n<title>Brucy - Laniel<\/title>\n<meta name=\"robots\" content=\"index, follow, max-snippet:-1, max-image-preview:large, max-video-preview:-1\" \/>\n<link rel=\"canonical\" href=\"https:\/\/lanielprodamex.com\/fr\/brucy\/\" \/>\n<meta property=\"og:locale\" content=\"fr_CA\" \/>\n<meta property=\"og:type\" content=\"article\" \/>\n<meta property=\"og:title\" content=\"Brucy - Laniel\" \/>\n<meta property=\"og:description\" content=\"Ouverture en avril Contactez-nous 1300 Mnt L\u00e9ger, Les C\u00e8dres, QC J7T 1E9 Courriel 450 452-4044 HEURES D&rsquo;OUVERTURE Lundi Ferm\u00e9 Mardi Ferm\u00e9 Mercredi Ferm\u00e9 Jeudi Ferm\u00e9 Vendredi Ferm\u00e9 Samedi Ferm\u00e9 Dimanche Ferm\u00e9 * 24 Juin : Cong\u00e9 de la St-Jean Baptiste : Ferm\u00e9 * 29 Juin : F\u00eate du Canada : Ferm\u00e9\" \/>\n<meta property=\"og:url\" content=\"https:\/\/lanielprodamex.com\/fr\/brucy\/\" \/>\n<meta property=\"og:site_name\" content=\"Laniel\" \/>\n<meta property=\"article:modified_time\" content=\"2026-03-10T16:37:49+00:00\" \/>\n<meta property=\"og:image\" content=\"https:\/\/lanielprodamex.com\/wp-content\/uploads\/2026\/03\/BRUCY-LOGO-MAIN-BLACK-BLUE-scaled-1.png\" \/>\n\t<meta property=\"og:image:width\" content=\"2560\" \/>\n\t<meta property=\"og:image:height\" content=\"810\" \/>\n\t<meta property=\"og:image:type\" content=\"image\/png\" \/>\n<meta name=\"twitter:card\" content=\"summary_large_image\" \/>\n<script type=\"application\/ld+json\" class=\"yoast-schema-graph\">{\"@context\":\"https:\/\/schema.org\",\"@graph\":[{\"@type\":\"WebPage\",\"@id\":\"https:\/\/lanielprodamex.com\/fr\/brucy\/\",\"url\":\"https:\/\/lanielprodamex.com\/fr\/brucy\/\",\"name\":\"Brucy - Laniel\",\"isPartOf\":{\"@id\":\"https:\/\/lanielprodamex.com\/fr\/#website\"},\"primaryImageOfPage\":{\"@id\":\"https:\/\/lanielprodamex.com\/fr\/brucy\/#primaryimage\"},\"image\":{\"@id\":\"https:\/\/lanielprodamex.com\/fr\/brucy\/#primaryimage\"},\"thumbnailUrl\":\"https:\/\/lanielprodamex.com\/wp-content\/uploads\/2026\/03\/BRUCY-LOGO-MAIN-BLACK-BLUE-scaled-1-1024x324.png\",\"datePublished\":\"2026-03-10T15:36:52+00:00\",\"dateModified\":\"2026-03-10T16:37:49+00:00\",\"breadcrumb\":{\"@id\":\"https:\/\/lanielprodamex.com\/fr\/brucy\/#breadcrumb\"},\"inLanguage\":\"fr-CA\",\"potentialAction\":[{\"@type\":\"ReadAction\",\"target\":[\"https:\/\/lanielprodamex.com\/fr\/brucy\/\"]}]},{\"@type\":\"ImageObject\",\"inLanguage\":\"fr-CA\",\"@id\":\"https:\/\/lanielprodamex.com\/fr\/brucy\/#primaryimage\",\"url\":\"https:\/\/lanielprodamex.com\/wp-content\/uploads\/2026\/03\/BRUCY-LOGO-MAIN-BLACK-BLUE-scaled-1-1024x324.png\",\"contentUrl\":\"https:\/\/lanielprodamex.com\/wp-content\/uploads\/2026\/03\/BRUCY-LOGO-MAIN-BLACK-BLUE-scaled-1-1024x324.png\"},{\"@type\":\"BreadcrumbList\",\"@id\":\"https:\/\/lanielprodamex.com\/fr\/brucy\/#breadcrumb\",\"itemListElement\":[{\"@type\":\"ListItem\",\"position\":1,\"name\":\"Home\",\"item\":\"https:\/\/lanielprodamex.com\/fr\/\"},{\"@type\":\"ListItem\",\"position\":2,\"name\":\"Brucy\"}]},{\"@type\":\"WebSite\",\"@id\":\"https:\/\/lanielprodamex.com\/fr\/#website\",\"url\":\"https:\/\/lanielprodamex.com\/fr\/\",\"name\":\"Laniel\",\"description\":\"\",\"publisher\":{\"@id\":\"https:\/\/lanielprodamex.com\/fr\/#organization\"},\"potentialAction\":[{\"@type\":\"SearchAction\",\"target\":{\"@type\":\"EntryPoint\",\"urlTemplate\":\"https:\/\/lanielprodamex.com\/fr\/?s={search_term_string}\"},\"query-input\":{\"@type\":\"PropertyValueSpecification\",\"valueRequired\":true,\"valueName\":\"search_term_string\"}}],\"inLanguage\":\"fr-CA\"},{\"@type\":\"Organization\",\"@id\":\"https:\/\/lanielprodamex.com\/fr\/#organization\",\"name\":\"Laniel\",\"url\":\"https:\/\/lanielprodamex.com\/fr\/\",\"logo\":{\"@type\":\"ImageObject\",\"inLanguage\":\"fr-CA\",\"@id\":\"https:\/\/lanielprodamex.com\/fr\/#\/schema\/logo\/image\/\",\"url\":\"https:\/\/laniel.2point0media.com\/wp-content\/uploads\/2025\/02\/Laniel-black.webp\",\"contentUrl\":\"https:\/\/laniel.2point0media.com\/wp-content\/uploads\/2025\/02\/Laniel-black.webp\",\"width\":377,\"height\":141,\"caption\":\"Laniel\"},\"image\":{\"@id\":\"https:\/\/lanielprodamex.com\/fr\/#\/schema\/logo\/image\/\"}}]}<\/script>\n<!-- \/ Yoast SEO plugin. -->","yoast_head_json":{"title":"Brucy - Laniel","robots":{"index":"index","follow":"follow","max-snippet":"max-snippet:-1","max-image-preview":"max-image-preview:large","max-video-preview":"max-video-preview:-1"},"canonical":"https:\/\/lanielprodamex.com\/fr\/brucy\/","og_locale":"fr_CA","og_type":"article","og_title":"Brucy - Laniel","og_description":"Ouverture en avril Contactez-nous 1300 Mnt L\u00e9ger, Les C\u00e8dres, QC J7T 1E9 Courriel 450 452-4044 HEURES D&rsquo;OUVERTURE Lundi Ferm\u00e9 Mardi Ferm\u00e9 Mercredi Ferm\u00e9 Jeudi Ferm\u00e9 Vendredi Ferm\u00e9 Samedi Ferm\u00e9 Dimanche Ferm\u00e9 * 24 Juin : Cong\u00e9 de la St-Jean Baptiste : Ferm\u00e9 * 29 Juin : F\u00eate du Canada : Ferm\u00e9","og_url":"https:\/\/lanielprodamex.com\/fr\/brucy\/","og_site_name":"Laniel","article_modified_time":"2026-03-10T16:37:49+00:00","og_image":[{"width":2560,"height":810,"url":"https:\/\/lanielprodamex.com\/wp-content\/uploads\/2026\/03\/BRUCY-LOGO-MAIN-BLACK-BLUE-scaled-1.png","type":"image\/png"}],"twitter_card":"summary_large_image","schema":{"@context":"https:\/\/schema.org","@graph":[{"@type":"WebPage","@id":"https:\/\/lanielprodamex.com\/fr\/brucy\/","url":"https:\/\/lanielprodamex.com\/fr\/brucy\/","name":"Brucy - Laniel","isPartOf":{"@id":"https:\/\/lanielprodamex.com\/fr\/#website"},"primaryImageOfPage":{"@id":"https:\/\/lanielprodamex.com\/fr\/brucy\/#primaryimage"},"image":{"@id":"https:\/\/lanielprodamex.com\/fr\/brucy\/#primaryimage"},"thumbnailUrl":"https:\/\/lanielprodamex.com\/wp-content\/uploads\/2026\/03\/BRUCY-LOGO-MAIN-BLACK-BLUE-scaled-1-1024x324.png","datePublished":"2026-03-10T15:36:52+00:00","dateModified":"2026-03-10T16:37:49+00:00","breadcrumb":{"@id":"https:\/\/lanielprodamex.com\/fr\/brucy\/#breadcrumb"},"inLanguage":"fr-CA","potentialAction":[{"@type":"ReadAction","target":["https:\/\/lanielprodamex.com\/fr\/brucy\/"]}]},{"@type":"ImageObject","inLanguage":"fr-CA","@id":"https:\/\/lanielprodamex.com\/fr\/brucy\/#primaryimage","url":"https:\/\/lanielprodamex.com\/wp-content\/uploads\/2026\/03\/BRUCY-LOGO-MAIN-BLACK-BLUE-scaled-1-1024x324.png","contentUrl":"https:\/\/lanielprodamex.com\/wp-content\/uploads\/2026\/03\/BRUCY-LOGO-MAIN-BLACK-BLUE-scaled-1-1024x324.png"},{"@type":"BreadcrumbList","@id":"https:\/\/lanielprodamex.com\/fr\/brucy\/#breadcrumb","itemListElement":[{"@type":"ListItem","position":1,"name":"Home","item":"https:\/\/lanielprodamex.com\/fr\/"},{"@type":"ListItem","position":2,"name":"Brucy"}]},{"@type":"WebSite","@id":"https:\/\/lanielprodamex.com\/fr\/#website","url":"https:\/\/lanielprodamex.com\/fr\/","name":"Laniel","description":"","publisher":{"@id":"https:\/\/lanielprodamex.com\/fr\/#organization"},"potentialAction":[{"@type":"SearchAction","target":{"@type":"EntryPoint","urlTemplate":"https:\/\/lanielprodamex.com\/fr\/?s={search_term_string}"},"query-input":{"@type":"PropertyValueSpecification","valueRequired":true,"valueName":"search_term_string"}}],"inLanguage":"fr-CA"},{"@type":"Organization","@id":"https:\/\/lanielprodamex.com\/fr\/#organization","name":"Laniel","url":"https:\/\/lanielprodamex.com\/fr\/","logo":{"@type":"ImageObject","inLanguage":"fr-CA","@id":"https:\/\/lanielprodamex.com\/fr\/#\/schema\/logo\/image\/","url":"https:\/\/laniel.2point0media.com\/wp-content\/uploads\/2025\/02\/Laniel-black.webp","contentUrl":"https:\/\/laniel.2point0media.com\/wp-content\/uploads\/2025\/02\/Laniel-black.webp","width":377,"height":141,"caption":"Laniel"},"image":{"@id":"https:\/\/lanielprodamex.com\/fr\/#\/schema\/logo\/image\/"}}]}},"_links":{"self":[{"href":"https:\/\/lanielprodamex.com\/fr\/wp-json\/wp\/v2\/pages\/933","targetHints":{"allow":["GET"]}}],"collection":[{"href":"https:\/\/lanielprodamex.com\/fr\/wp-json\/wp\/v2\/pages"}],"about":[{"href":"https:\/\/lanielprodamex.com\/fr\/wp-json\/wp\/v2\/types\/page"}],"author":[{"embeddable":true,"href":"https:\/\/lanielprodamex.com\/fr\/wp-json\/wp\/v2\/users\/3"}],"replies":[{"embeddable":true,"href":"https:\/\/lanielprodamex.com\/fr\/wp-json\/wp\/v2\/comments?post=933"}],"version-history":[{"count":1,"href":"https:\/\/lanielprodamex.com\/fr\/wp-json\/wp\/v2\/pages\/933\/revisions"}],"predecessor-version":[{"id":934,"href":"https:\/\/lanielprodamex.com\/fr\/wp-json\/wp\/v2\/pages\/933\/revisions\/934"}],"wp:attachment":[{"href":"https:\/\/lanielprodamex.com\/fr\/wp-json\/wp\/v2\/media?parent=933"}],"curies":[{"name":"wp","href":"https:\/\/api.w.org\/{rel}","templated":true}]}}